{"id":993,"date":"2019-05-29T16:32:31","date_gmt":"2019-05-29T14:32:31","guid":{"rendered":"http:\/\/www.playjump-toulouse.com\/?page_id=993"},"modified":"2019-09-12T09:10:41","modified_gmt":"2019-09-12T07:10:41","slug":"groupe","status":"publish","type":"page","link":"https:\/\/www.playjump-toulouse.com\/index.php\/groupe\/","title":{"rendered":"Groupe"},"content":{"rendered":"<p>[vc_row full_width=&#8221;stretch_row_content&#8221; css=&#8221;.vc_custom_1559122401939{background-color: #4e2c5f !important;}&#8221;][vc_column][vc_empty_space alter_height=&#8221;small&#8221; hide_on_mobile=&#8221;&#8221;]<div id=\"sc_title_1113044711\"\n\t\tclass=\"sc_title color_style_default scheme_dark sc_title_default\"><h6 class=\"sc_item_title sc_title_title sc_align_center sc_item_title_style_default sc_item_title_tag\">ORGANISEZ UN \u00c9V\u00c8NEMENT DE GROUPE ! EVG, EVJF, ENTREPRISE\u2026<\/h6><\/div><!-- \/.sc_title -->[vc_empty_space alter_height=&#8221;small&#8221; hide_on_mobile=&#8221;&#8221;][\/vc_column][\/vc_row][vc_row][vc_column width=&#8221;1\/4&#8243;][vc_empty_space alter_height=&#8221;medium&#8221; hide_on_mobile=&#8221;&#8221;][vc_single_image image=&#8221;1107&#8243; img_size=&#8221;full&#8221; alignment=&#8221;center&#8221;][vc_empty_space hide_on_mobile=&#8221;&#8221;]<div id=\"sc_title_1187873181\"\n\t\tclass=\"sc_title color_style_dark sc_title_default\"><h6 class=\"sc_item_title sc_title_title sc_align_center sc_item_title_style_default sc_item_title_tag\">EVG, EVJF<\/h6><div class=\"sc_item_descr sc_title_descr sc_align_center\"><p>Organisez votre EVG ou EVJF, pour passer un moment inoubliable avec vos amis avant le grand jour !<\/p>\n<\/div><\/div><!-- \/.sc_title -->[vc_empty_space alter_height=&#8221;small&#8221; hide_on_mobile=&#8221;&#8221;][\/vc_column][vc_column width=&#8221;1\/4&#8243;][vc_empty_space alter_height=&#8221;medium&#8221; hide_on_mobile=&#8221;&#8221;][vc_single_image image=&#8221;1108&#8243; img_size=&#8221;full&#8221; alignment=&#8221;center&#8221;][vc_empty_space hide_on_mobile=&#8221;&#8221;]<div id=\"sc_title_687918120\"\n\t\tclass=\"sc_title color_style_dark sc_title_default\"><h6 class=\"sc_item_title sc_title_title sc_align_center sc_item_title_style_default sc_item_title_tag\">Collectivit\u00e9s, CE<\/h6><div class=\"sc_item_descr sc_title_descr sc_align_center\"><p>Collectivit\u00e9s ou comit\u00e9s d\u2019entreprise ? Nous organisons votre \u00e9v\u00e8nement !<\/p>\n<\/div><\/div><!-- \/.sc_title -->[vc_empty_space alter_height=&#8221;small&#8221; hide_on_mobile=&#8221;&#8221;][\/vc_column][vc_column width=&#8221;1\/4&#8243;][vc_empty_space alter_height=&#8221;medium&#8221; hide_on_mobile=&#8221;&#8221;][vc_single_image image=&#8221;1109&#8243; img_size=&#8221;full&#8221; alignment=&#8221;center&#8221;][vc_empty_space hide_on_mobile=&#8221;&#8221;]<div id=\"sc_title_1196550998\"\n\t\tclass=\"sc_title color_style_dark sc_title_default\"><h6 class=\"sc_item_title sc_title_title sc_align_center sc_item_title_style_default sc_item_title_tag\">Entreprises<\/h6><div class=\"sc_item_descr sc_title_descr sc_align_center\"><p>Organisez une session de Team Building avec les membres de votre entreprise !<\/p>\n<\/div><\/div><!-- \/.sc_title -->[vc_empty_space alter_height=&#8221;small&#8221; hide_on_mobile=&#8221;&#8221;][\/vc_column][vc_column width=&#8221;1\/4&#8243;][vc_empty_space alter_height=&#8221;medium&#8221; hide_on_mobile=&#8221;&#8221;][vc_single_image image=&#8221;1110&#8243; img_size=&#8221;full&#8221; alignment=&#8221;center&#8221;][vc_empty_space hide_on_mobile=&#8221;&#8221;]<div id=\"sc_title_726878673\"\n\t\tclass=\"sc_title color_style_dark sc_title_default\"><h6 class=\"sc_item_title sc_title_title sc_align_center sc_item_title_style_default sc_item_title_tag\">Centres de loisirs<\/h6><div class=\"sc_item_descr sc_title_descr sc_align_center\"><p>Organisez une sorties sportive pour les membres de votre centre de loisirs ! Des tarifs adapt\u00e9s vous sont propos\u00e9s<\/p>\n<\/div><\/div><!-- \/.sc_title -->[vc_empty_space alter_height=&#8221;small&#8221; hide_on_mobile=&#8221;&#8221;][\/vc_column][\/vc_row][vc_row full_width=&#8221;stretch_row_content&#8221; css=&#8221;.vc_custom_1559135884794{background-color: #f9f9f9 !important;}&#8221;][vc_column][vc_empty_space alter_height=&#8221;medium&#8221; hide_on_mobile=&#8221;&#8221;]<div id=\"sc_title_1423175615\"\n\t\tclass=\"sc_title color_style_default sc_title_default\"><h6 class=\"sc_item_subtitle sc_title_subtitle sc_align_center sc_item_title_style_default\">Organisons pour votre groupe<\/h6><h2 class=\"sc_item_title sc_title_title sc_align_center sc_item_title_style_default sc_item_title_tag\">Des \u00e9v\u00e9nements inoubliables<\/h2><\/div><!-- \/.sc_title -->[vc_empty_space height=&#8221;60px&#8221; alter_height=&#8221;medium&#8221; hide_on_mobile=&#8221;&#8221;][\/vc_column][\/vc_row][vc_row full_width=&#8221;stretch_row&#8221; css=&#8221;.vc_custom_1559139414520{background-color: #f9f9f9 !important;}&#8221;][vc_column width=&#8221;1\/2&#8243;][vc_row_inner][vc_column_inner]<div  id=\"sc_price_374542306\" \n\tclass=\"sc_price color_style_default sc_price_default\"><div class=\"sc_price_content sc_item_content\"><div class=\"sc_price_item sc_price_item_default\">\n\t\t\t<div class=\"sc_price_item_label\">Ambiance assur\u00e9e<\/div><div class=\"sc_price_item_info\"><div class=\"price-header\"><div class=\"sc_price_item_price\"><span class=\"sc_price_item_price_value\">SUR MESURE<\/span><\/div><\/div><div class=\"sc_price_item_details\"><ul class=\"trx_addons_list trx_addons_list_square\">\n \t<li>Cocktails dinatoires<\/li>\n \t<li>Animations<\/li>\n \t<li>Soir\u00e9es privatives<\/li>\n \t<li>Tarifs privil\u00e9gi\u00e9s<\/li>\n \t<li>Organisation d'anniversaires<\/li>\n \t<li>Arbre de n\u00f6el<\/li>\n<\/ul><\/div><a href=\"\/index.php\/contact\/\" class=\"sc_price_item_link sc_button\">Nous contacter<\/a><\/div><!-- \/.sc_price_item_info --><\/div><\/div><\/div><!-- \/.sc_price -->[vc_empty_space alter_height=&#8221;medium&#8221; hide_on_mobile=&#8221;&#8221;][\/vc_column_inner][\/vc_row_inner][\/vc_column][vc_column width=&#8221;1\/2&#8243;][vc_single_image image=&#8221;1292&#8243; img_size=&#8221;full&#8221;][vc_empty_space alter_height=&#8221;medium&#8221; hide_on_mobile=&#8221;&#8221;][\/vc_column][\/vc_row][vc_row full_width=&#8221;stretch_row_content&#8221; css=&#8221;.vc_custom_1559140059873{background-color: #ee0659 !important;}&#8221;][vc_column][vc_empty_space alter_height=&#8221;small&#8221; hide_on_mobile=&#8221;&#8221;]<div id=\"sc_title_458841912\"\n\t\tclass=\"sc_title color_style_default scheme_dark sc_title_default\"><h6 class=\"sc_item_title sc_title_title sc_align_center sc_item_title_style_default sc_item_title_tag\">PR\u00c9SENTEZ-NOUS VOTRE PROJET<\/h6><div class=\"sc_item_descr sc_title_descr sc_align_center\"><p>POUR TOUTE INFORMATION, CONTACTEZ-NOUS AU 05 62 21 25 53 !<\/p>\n<\/div><\/div><!-- \/.sc_title -->[vc_empty_space alter_height=&#8221;small&#8221; hide_on_mobile=&#8221;&#8221;][vc_btn title=&#8221;Contact&#8221; align=&#8221;center&#8221; link=&#8221;url:http%3A%2F%2Fwww.playjump-toulouse.com%2Findex.php%2Fcontact%2F|title:R%C3%A9servation||&#8221;][vc_empty_space alter_height=&#8221;small&#8221; hide_on_mobile=&#8221;&#8221;][\/vc_column][\/vc_row]<\/p>\n","protected":false},"excerpt":{"rendered":"<p>[vc_row full_width=&#8221;stretch_row_content&#8221; css=&#8221;.vc_custom_1559122401939{background-color: #4e2c5f !important;}&#8221;][vc_column][vc_empty_space alter_height=&#8221;small&#8221; hide_on_mobile=&#8221;&#8221;][vc_empty_space alter_height=&#8221;small&#8221; hide_on_mobile=&#8221;&#8221;][\/vc_column][\/vc_row][vc_row][vc_column width=&#8221;1\/4&#8243;][vc_empty_space alter_height=&#8221;medium&#8221; hide_on_mobile=&#8221;&#8221;][vc_single_image image=&#8221;1107&#8243; img_size=&#8221;full&#8221; alignment=&#8221;center&#8221;][vc_empty_space hide_on_mobile=&#8221;&#8221;][vc_empty_space alter_height=&#8221;small&#8221; hide_on_mobile=&#8221;&#8221;][\/vc_column][vc_column width=&#8221;1\/4&#8243;][vc_empty_space alter_height=&#8221;medium&#8221; hide_on_mobile=&#8221;&#8221;][vc_single_image image=&#8221;1108&#8243; img_size=&#8221;full&#8221; alignment=&#8221;center&#8221;][vc_empty_space hide_on_mobile=&#8221;&#8221;][vc_empty_space alter_height=&#8221;small&#8221; hide_on_mobile=&#8221;&#8221;][\/vc_column][vc_column width=&#8221;1\/4&#8243;][vc_empty_space alter_height=&#8221;medium&#8221; hide_on_mobile=&#8221;&#8221;][vc_single_image image=&#8221;1109&#8243; img_size=&#8221;full&#8221; alignment=&#8221;center&#8221;][vc_empty_space hide_on_mobile=&#8221;&#8221;][vc_empty_space alter_height=&#8221;small&#8221; hide_on_mobile=&#8221;&#8221;][\/vc_column][vc_column width=&#8221;1\/4&#8243;][vc_empty_space alter_height=&#8221;medium&#8221; hide_on_mobile=&#8221;&#8221;][vc_single_image image=&#8221;1110&#8243; img_size=&#8221;full&#8221; alignment=&#8221;center&#8221;][vc_empty_space hide_on_mobile=&#8221;&#8221;][vc_empty_space alter_height=&#8221;small&#8221; hide_on_mobile=&#8221;&#8221;][\/vc_column][\/vc_row][vc_row full_width=&#8221;stretch_row_content&#8221; css=&#8221;.vc_custom_1559135884794{background-color: #f9f9f9 !important;}&#8221;][vc_column][vc_empty_space alter_height=&#8221;medium&#8221; hide_on_mobile=&#8221;&#8221;][vc_empty_space height=&#8221;60px&#8221; alter_height=&#8221;medium&#8221; hide_on_mobile=&#8221;&#8221;][\/vc_column][\/vc_row][vc_row full_width=&#8221;stretch_row&#8221; css=&#8221;.vc_custom_1559139414520{background-color: #f9f9f9 !important;}&#8221;][vc_column width=&#8221;1\/2&#8243;][vc_row_inner][vc_column_inner][vc_empty_space alter_height=&#8221;medium&#8221; hide_on_mobile=&#8221;&#8221;][\/vc_column_inner][\/vc_row_inner][\/vc_column][vc_column width=&#8221;1\/2&#8243;][vc_single_image image=&#8221;1292&#8243; img_size=&#8221;full&#8221;][vc_empty_space alter_height=&#8221;medium&#8221; hide_on_mobile=&#8221;&#8221;][\/vc_column][\/vc_row][vc_row full_width=&#8221;stretch_row_content&#8221; css=&#8221;.vc_custom_1559140059873{background-color: #ee0659 !important;}&#8221;][vc_column][vc_empty_space&hellip;<\/p>\n","protected":false},"author":1,"featured_media":0,"parent":0,"menu_order":0,"comment_status":"closed","ping_status":"closed","template":"","meta":{"footnotes":""},"class_list":["post-993","page","type-page","status-publish","hentry"],"yoast_head":"<!-- This site is optimized with the Yoast SEO plugin v24.0 - https:\/\/yoast.com\/wordpress\/plugins\/seo\/ -->\n<title>Groupe - Playjump Toulouse - Parc de loisirs indoor<\/title>\n<meta name=\"description\" content=\"ORGANISEZ UN \u00c9V\u00c8NEMENT DE GROUPE ! EVG, EVJF, ENTREPRISE\u2026Playjump vous accompagne dans la cr\u00e9ation d&#039;un \u00e9v\u00e9nement sur mesure. Pr\u00e9sentez-nous votre projet.\" \/>\n<meta name=\"robots\" content=\"index, follow, max-snippet:-1, max-image-preview:large, max-video-preview:-1\" \/>\n<link rel=\"canonical\" href=\"https:\/\/www.playjump-toulouse.com\/index.php\/groupe\/\" \/>\n<meta property=\"og:locale\" content=\"fr_FR\" \/>\n<meta property=\"og:type\" content=\"article\" \/>\n<meta property=\"og:title\" content=\"Groupe - Playjump Toulouse - Parc de loisirs indoor\" \/>\n<meta property=\"og:description\" content=\"ORGANISEZ UN \u00c9V\u00c8NEMENT DE GROUPE ! EVG, EVJF, ENTREPRISE\u2026Playjump vous accompagne dans la cr\u00e9ation d&#039;un \u00e9v\u00e9nement sur mesure. Pr\u00e9sentez-nous votre projet.\" \/>\n<meta property=\"og:url\" content=\"https:\/\/www.playjump-toulouse.com\/index.php\/groupe\/\" \/>\n<meta property=\"og:site_name\" content=\"Playjump Toulouse\" \/>\n<meta property=\"article:modified_time\" content=\"2019-09-12T07:10:41+00:00\" \/>\n<meta name=\"twitter:card\" content=\"summary_large_image\" \/>\n<meta name=\"twitter:label1\" content=\"Dur\u00e9e de lecture estim\u00e9e\" \/>\n\t<meta name=\"twitter:data1\" content=\"4 minutes\" \/>\n<script type=\"application\/ld+json\" class=\"yoast-schema-graph\">{\"@context\":\"https:\/\/schema.org\",\"@graph\":[{\"@type\":\"WebPage\",\"@id\":\"https:\/\/www.playjump-toulouse.com\/index.php\/groupe\/\",\"url\":\"https:\/\/www.playjump-toulouse.com\/index.php\/groupe\/\",\"name\":\"Groupe - Playjump Toulouse - Parc de loisirs indoor\",\"isPartOf\":{\"@id\":\"https:\/\/www.playjump-toulouse.com\/#website\"},\"datePublished\":\"2019-05-29T14:32:31+00:00\",\"dateModified\":\"2019-09-12T07:10:41+00:00\",\"description\":\"ORGANISEZ UN \u00c9V\u00c8NEMENT DE GROUPE ! EVG, EVJF, ENTREPRISE\u2026Playjump vous accompagne dans la cr\u00e9ation d'un \u00e9v\u00e9nement sur mesure. Pr\u00e9sentez-nous votre projet.\",\"breadcrumb\":{\"@id\":\"https:\/\/www.playjump-toulouse.com\/index.php\/groupe\/#breadcrumb\"},\"inLanguage\":\"fr-FR\",\"potentialAction\":[{\"@type\":\"ReadAction\",\"target\":[\"https:\/\/www.playjump-toulouse.com\/index.php\/groupe\/\"]}]},{\"@type\":\"BreadcrumbList\",\"@id\":\"https:\/\/www.playjump-toulouse.com\/index.php\/groupe\/#breadcrumb\",\"itemListElement\":[{\"@type\":\"ListItem\",\"position\":1,\"name\":\"Accueil\",\"item\":\"https:\/\/www.playjump-toulouse.com\/\"},{\"@type\":\"ListItem\",\"position\":2,\"name\":\"Groupe\"}]},{\"@type\":\"WebSite\",\"@id\":\"https:\/\/www.playjump-toulouse.com\/#website\",\"url\":\"https:\/\/www.playjump-toulouse.com\/\",\"name\":\"Playjump Toulouse\",\"description\":\"Parc de jeux pour enfants \u00e0 Toulouse : enfants, ados, adultes\",\"potentialAction\":[{\"@type\":\"SearchAction\",\"target\":{\"@type\":\"EntryPoint\",\"urlTemplate\":\"https:\/\/www.playjump-toulouse.com\/?s={search_term_string}\"},\"query-input\":{\"@type\":\"PropertyValueSpecification\",\"valueRequired\":true,\"valueName\":\"search_term_string\"}}],\"inLanguage\":\"fr-FR\"}]}<\/script>\n<!-- \/ Yoast SEO plugin. -->","yoast_head_json":{"title":"Groupe - Playjump Toulouse - Parc de loisirs indoor","description":"ORGANISEZ UN \u00c9V\u00c8NEMENT DE GROUPE ! EVG, EVJF, ENTREPRISE\u2026Playjump vous accompagne dans la cr\u00e9ation d'un \u00e9v\u00e9nement sur mesure. Pr\u00e9sentez-nous votre projet.","robots":{"index":"index","follow":"follow","max-snippet":"max-snippet:-1","max-image-preview":"max-image-preview:large","max-video-preview":"max-video-preview:-1"},"canonical":"https:\/\/www.playjump-toulouse.com\/index.php\/groupe\/","og_locale":"fr_FR","og_type":"article","og_title":"Groupe - Playjump Toulouse - Parc de loisirs indoor","og_description":"ORGANISEZ UN \u00c9V\u00c8NEMENT DE GROUPE ! EVG, EVJF, ENTREPRISE\u2026Playjump vous accompagne dans la cr\u00e9ation d'un \u00e9v\u00e9nement sur mesure. Pr\u00e9sentez-nous votre projet.","og_url":"https:\/\/www.playjump-toulouse.com\/index.php\/groupe\/","og_site_name":"Playjump Toulouse","article_modified_time":"2019-09-12T07:10:41+00:00","twitter_card":"summary_large_image","twitter_misc":{"Dur\u00e9e de lecture estim\u00e9e":"4 minutes"},"schema":{"@context":"https:\/\/schema.org","@graph":[{"@type":"WebPage","@id":"https:\/\/www.playjump-toulouse.com\/index.php\/groupe\/","url":"https:\/\/www.playjump-toulouse.com\/index.php\/groupe\/","name":"Groupe - Playjump Toulouse - Parc de loisirs indoor","isPartOf":{"@id":"https:\/\/www.playjump-toulouse.com\/#website"},"datePublished":"2019-05-29T14:32:31+00:00","dateModified":"2019-09-12T07:10:41+00:00","description":"ORGANISEZ UN \u00c9V\u00c8NEMENT DE GROUPE ! EVG, EVJF, ENTREPRISE\u2026Playjump vous accompagne dans la cr\u00e9ation d'un \u00e9v\u00e9nement sur mesure. Pr\u00e9sentez-nous votre projet.","breadcrumb":{"@id":"https:\/\/www.playjump-toulouse.com\/index.php\/groupe\/#breadcrumb"},"inLanguage":"fr-FR","potentialAction":[{"@type":"ReadAction","target":["https:\/\/www.playjump-toulouse.com\/index.php\/groupe\/"]}]},{"@type":"BreadcrumbList","@id":"https:\/\/www.playjump-toulouse.com\/index.php\/groupe\/#breadcrumb","itemListElement":[{"@type":"ListItem","position":1,"name":"Accueil","item":"https:\/\/www.playjump-toulouse.com\/"},{"@type":"ListItem","position":2,"name":"Groupe"}]},{"@type":"WebSite","@id":"https:\/\/www.playjump-toulouse.com\/#website","url":"https:\/\/www.playjump-toulouse.com\/","name":"Playjump Toulouse","description":"Parc de jeux pour enfants \u00e0 Toulouse : enfants, ados, adultes","potentialAction":[{"@type":"SearchAction","target":{"@type":"EntryPoint","urlTemplate":"https:\/\/www.playjump-toulouse.com\/?s={search_term_string}"},"query-input":{"@type":"PropertyValueSpecification","valueRequired":true,"valueName":"search_term_string"}}],"inLanguage":"fr-FR"}]}},"_links":{"self":[{"href":"https:\/\/www.playjump-toulouse.com\/index.php\/wp-json\/wp\/v2\/pages\/993","targetHints":{"allow":["GET"]}}],"collection":[{"href":"https:\/\/www.playjump-toulouse.com\/index.php\/wp-json\/wp\/v2\/pages"}],"about":[{"href":"https:\/\/www.playjump-toulouse.com\/index.php\/wp-json\/wp\/v2\/types\/page"}],"author":[{"embeddable":true,"href":"https:\/\/www.playjump-toulouse.com\/index.php\/wp-json\/wp\/v2\/users\/1"}],"replies":[{"embeddable":true,"href":"https:\/\/www.playjump-toulouse.com\/index.php\/wp-json\/wp\/v2\/comments?post=993"}],"version-history":[{"count":34,"href":"https:\/\/www.playjump-toulouse.com\/index.php\/wp-json\/wp\/v2\/pages\/993\/revisions"}],"predecessor-version":[{"id":1329,"href":"https:\/\/www.playjump-toulouse.com\/index.php\/wp-json\/wp\/v2\/pages\/993\/revisions\/1329"}],"wp:attachment":[{"href":"https:\/\/www.playjump-toulouse.com\/index.php\/wp-json\/wp\/v2\/media?parent=993"}],"curies":[{"name":"wp","href":"https:\/\/api.w.org\/{rel}","templated":true}]}}