{"id":93,"date":"2017-06-27T10:30:19","date_gmt":"2017-06-27T08:30:19","guid":{"rendered":"http:\/\/www.playjump-toulouse.com\/?page_id=93"},"modified":"2019-09-12T09:06:09","modified_gmt":"2019-09-12T07:06:09","slug":"activites","status":"publish","type":"page","link":"https:\/\/www.playjump-toulouse.com\/index.php\/activites\/","title":{"rendered":"Activit\u00e9s"},"content":{"rendered":"<p>[vc_row full_width=&#8221;stretch_row_content&#8221; css=&#8221;.vc_custom_1559116291555{background-color: #4e2c5f !important;}&#8221;][vc_column][vc_empty_space alter_height=&#8221;small&#8221; hide_on_mobile=&#8221;&#8221;]<div id=\"sc_title_376539103\"\n\t\tclass=\"sc_title color_style_default scheme_dark sc_title_default\"><h6 class=\"sc_item_title sc_title_title sc_align_center sc_item_title_style_default sc_item_title_tag\">PLUSIEURS ACTIVIT\u00c9S POUR TOUTE LA FAMILLE, DES PLUS PETITS AUX PLUS GRANDS REUNIES SUR 1400M\u00b2<\/h6><\/div><!-- \/.sc_title -->[vc_empty_space alter_height=&#8221;small&#8221; hide_on_mobile=&#8221;&#8221;][vc_column_text]<\/p>\n<p style=\"text-align: center;\"><span style=\"color: #ee0659;\"><strong>PlayJump c&#8217;est un espace familial ludique pour tous, \u00e0 l&#8217;est de Toulouse (m\u00e9tro terminus Balma-Gramont)<\/strong><\/span><\/p>\n<p>[\/vc_column_text][vc_empty_space alter_height=&#8221;small&#8221; hide_on_mobile=&#8221;&#8221;][\/vc_column][\/vc_row][vc_row full_width=&#8221;stretch_row&#8221; css=&#8221;.vc_custom_1559119563354{background-color: #f9f9f9 !important;background-position: center !important;background-repeat: no-repeat !important;background-size: cover !important;}&#8221;][vc_column][vc_empty_space alter_height=&#8221;medium&#8221; hide_on_mobile=&#8221;&#8221;]<div id=\"sc_services_1600779333\" class=\"sc_services color_style_default sc_services_default sc_services_featured_top\"><div class=\"sc_services_columns_wrap sc_item_columns sc_item_columns_3 trx_addons_columns_wrap columns_padding_bottom\"><div class=\"trx_addons_column-1_3\"><div class=\"sc_services_item with_content with_image sc_services_item_featured_top\">\n\t<div class=\"post_featured with_thumb hover_icon sc_services_item_thumb\"><img loading=\"lazy\" decoding=\"async\" width=\"370\" height=\"224\" src=\"https:\/\/www.playjump-toulouse.com\/wp-content\/uploads\/2019\/05\/trampoline-toulouse-370x224.jpg\" class=\"attachment-playa-thumb-med size-playa-thumb-med wp-post-image\" alt=\"\" srcset=\"https:\/\/www.playjump-toulouse.com\/wp-content\/uploads\/2019\/05\/trampoline-toulouse-370x224.jpg 370w, https:\/\/www.playjump-toulouse.com\/wp-content\/uploads\/2019\/05\/trampoline-toulouse-740x448.jpg 740w\" sizes=\"auto, (max-width: 370px) 100vw, 370px\" \/>\t\t\t\t\t\t<div class=\"mask\"><\/div>\n\t\t\t\t\t\t<div class=\"icons\"><a href=\"https:\/\/www.playjump-toulouse.com\/index.php\/services\/trampoline\/\" aria-hidden=\"true\" class=\"icon-plus-1\"><\/a><\/div><\/div>\t\n\t<div class=\"sc_services_item_info\">\n\t\t<div class=\"sc_services_item_header\">\n\t\t\t<h6 class=\"sc_services_item_title\"><a href=\"https:\/\/www.playjump-toulouse.com\/index.php\/services\/trampoline\/\">TRAMPOLINE<\/a><\/h6>\n\t\t<\/div>\n\t\t\t\t\t<div class=\"sc_services_item_button sc_item_button\"><a href=\"https:\/\/www.playjump-toulouse.com\/index.php\/services\/trampoline\/\" class=\"sc_button\">info<\/a><\/div>\n\t\t\t<\/div>\n<\/div>\n<\/div><div class=\"trx_addons_column-1_3\"><div class=\"sc_services_item with_content with_image sc_services_item_featured_top\">\n\t<div class=\"post_featured with_thumb hover_icon sc_services_item_thumb\"><img loading=\"lazy\" decoding=\"async\" width=\"370\" height=\"224\" src=\"https:\/\/www.playjump-toulouse.com\/wp-content\/uploads\/2019\/05\/ninja-warrior-toulouse-370x224.jpg\" class=\"attachment-playa-thumb-med size-playa-thumb-med wp-post-image\" alt=\"\" srcset=\"https:\/\/www.playjump-toulouse.com\/wp-content\/uploads\/2019\/05\/ninja-warrior-toulouse-370x224.jpg 370w, https:\/\/www.playjump-toulouse.com\/wp-content\/uploads\/2019\/05\/ninja-warrior-toulouse-740x448.jpg 740w\" sizes=\"auto, (max-width: 370px) 100vw, 370px\" \/>\t\t\t\t\t\t<div class=\"mask\"><\/div>\n\t\t\t\t\t\t<div class=\"icons\"><a href=\"https:\/\/www.playjump-toulouse.com\/index.php\/services\/ninja-warrior\/\" aria-hidden=\"true\" class=\"icon-plus-1\"><\/a><\/div><\/div>\t\n\t<div class=\"sc_services_item_info\">\n\t\t<div class=\"sc_services_item_header\">\n\t\t\t<h6 class=\"sc_services_item_title\"><a href=\"https:\/\/www.playjump-toulouse.com\/index.php\/services\/ninja-warrior\/\">NINJA WARRIOR<\/a><\/h6>\n\t\t<\/div>\n\t\t\t\t\t<div class=\"sc_services_item_button sc_item_button\"><a href=\"https:\/\/www.playjump-toulouse.com\/index.php\/services\/ninja-warrior\/\" class=\"sc_button\">info<\/a><\/div>\n\t\t\t<\/div>\n<\/div>\n<\/div><div class=\"trx_addons_column-1_3\"><div class=\"sc_services_item with_content with_image sc_services_item_featured_top\">\n\t<div class=\"post_featured with_thumb hover_icon sc_services_item_thumb\"><img loading=\"lazy\" decoding=\"async\" width=\"370\" height=\"224\" src=\"https:\/\/www.playjump-toulouse.com\/wp-content\/uploads\/2019\/05\/bac-mousse-1-370x224.jpg\" class=\"attachment-playa-thumb-med size-playa-thumb-med wp-post-image\" alt=\"\" srcset=\"https:\/\/www.playjump-toulouse.com\/wp-content\/uploads\/2019\/05\/bac-mousse-1-370x224.jpg 370w, https:\/\/www.playjump-toulouse.com\/wp-content\/uploads\/2019\/05\/bac-mousse-1-740x448.jpg 740w\" sizes=\"auto, (max-width: 370px) 100vw, 370px\" \/>\t\t\t\t\t\t<div class=\"mask\"><\/div>\n\t\t\t\t\t\t<div class=\"icons\"><a href=\"https:\/\/www.playjump-toulouse.com\/index.php\/services\/bac-a-mousse\/\" aria-hidden=\"true\" class=\"icon-plus-1\"><\/a><\/div><\/div>\t\n\t<div class=\"sc_services_item_info\">\n\t\t<div class=\"sc_services_item_header\">\n\t\t\t<h6 class=\"sc_services_item_title\"><a href=\"https:\/\/www.playjump-toulouse.com\/index.php\/services\/bac-a-mousse\/\">BAC \u00c0 MOUSSE &#038; MUR D&#8217;ESCALADE<\/a><\/h6>\n\t\t<\/div>\n\t\t\t\t\t<div class=\"sc_services_item_button sc_item_button\"><a href=\"https:\/\/www.playjump-toulouse.com\/index.php\/services\/bac-a-mousse\/\" class=\"sc_button\">info<\/a><\/div>\n\t\t\t<\/div>\n<\/div>\n<\/div><div class=\"trx_addons_column-1_3\"><div class=\"sc_services_item with_content with_image sc_services_item_featured_top\">\n\t<div class=\"post_featured with_thumb hover_icon sc_services_item_thumb\"><img loading=\"lazy\" decoding=\"async\" width=\"370\" height=\"224\" src=\"https:\/\/www.playjump-toulouse.com\/wp-content\/uploads\/2019\/05\/plaine-jeux-baleine-playjump-toulouse-370x224.jpg\" class=\"attachment-playa-thumb-med size-playa-thumb-med wp-post-image\" alt=\"\" srcset=\"https:\/\/www.playjump-toulouse.com\/wp-content\/uploads\/2019\/05\/plaine-jeux-baleine-playjump-toulouse-370x224.jpg 370w, https:\/\/www.playjump-toulouse.com\/wp-content\/uploads\/2019\/05\/plaine-jeux-baleine-playjump-toulouse-740x448.jpg 740w\" sizes=\"auto, (max-width: 370px) 100vw, 370px\" \/>\t\t\t\t\t\t<div class=\"mask\"><\/div>\n\t\t\t\t\t\t<div class=\"icons\"><a href=\"https:\/\/www.playjump-toulouse.com\/index.php\/services\/jeux-gonflables\/\" aria-hidden=\"true\" class=\"icon-plus-1\"><\/a><\/div><\/div>\t\n\t<div class=\"sc_services_item_info\">\n\t\t<div class=\"sc_services_item_header\">\n\t\t\t<h6 class=\"sc_services_item_title\"><a href=\"https:\/\/www.playjump-toulouse.com\/index.php\/services\/jeux-gonflables\/\">JEUX GONFLABLES<\/a><\/h6>\n\t\t<\/div>\n\t\t\t\t\t<div class=\"sc_services_item_button sc_item_button\"><a href=\"https:\/\/www.playjump-toulouse.com\/index.php\/services\/jeux-gonflables\/\" class=\"sc_button\">info<\/a><\/div>\n\t\t\t<\/div>\n<\/div>\n<\/div><div class=\"trx_addons_column-1_3\"><div class=\"sc_services_item with_content with_image sc_services_item_featured_top\">\n\t<div class=\"post_featured with_thumb hover_icon sc_services_item_thumb\"><img loading=\"lazy\" decoding=\"async\" width=\"370\" height=\"224\" src=\"https:\/\/www.playjump-toulouse.com\/wp-content\/uploads\/2017\/06\/plaine-jeux-playjump-toulouse-370x224.jpg\" class=\"attachment-playa-thumb-med size-playa-thumb-med wp-post-image\" alt=\"\" srcset=\"https:\/\/www.playjump-toulouse.com\/wp-content\/uploads\/2017\/06\/plaine-jeux-playjump-toulouse-370x224.jpg 370w, https:\/\/www.playjump-toulouse.com\/wp-content\/uploads\/2017\/06\/plaine-jeux-playjump-toulouse-740x448.jpg 740w\" sizes=\"auto, (max-width: 370px) 100vw, 370px\" \/>\t\t\t\t\t\t<div class=\"mask\"><\/div>\n\t\t\t\t\t\t<div class=\"icons\"><a href=\"https:\/\/www.playjump-toulouse.com\/index.php\/services\/plaine-de-jeux\/\" aria-hidden=\"true\" class=\"icon-plus-1\"><\/a><\/div><\/div>\t\n\t<div class=\"sc_services_item_info\">\n\t\t<div class=\"sc_services_item_header\">\n\t\t\t<h6 class=\"sc_services_item_title\"><a href=\"https:\/\/www.playjump-toulouse.com\/index.php\/services\/plaine-de-jeux\/\">PLAINE DE JEUX<\/a><\/h6>\n\t\t<\/div>\n\t\t\t\t\t<div class=\"sc_services_item_button sc_item_button\"><a href=\"https:\/\/www.playjump-toulouse.com\/index.php\/services\/plaine-de-jeux\/\" class=\"sc_button\">info<\/a><\/div>\n\t\t\t<\/div>\n<\/div>\n<\/div><div class=\"trx_addons_column-1_3\"><div class=\"sc_services_item with_content with_image sc_services_item_featured_top\">\n\t<div class=\"post_featured with_thumb hover_icon sc_services_item_thumb\"><img loading=\"lazy\" decoding=\"async\" width=\"370\" height=\"224\" src=\"https:\/\/www.playjump-toulouse.com\/wp-content\/uploads\/2019\/05\/mini-kart-370x224.jpg\" class=\"attachment-playa-thumb-med size-playa-thumb-med wp-post-image\" alt=\"\" srcset=\"https:\/\/www.playjump-toulouse.com\/wp-content\/uploads\/2019\/05\/mini-kart-370x224.jpg 370w, https:\/\/www.playjump-toulouse.com\/wp-content\/uploads\/2019\/05\/mini-kart-740x448.jpg 740w\" sizes=\"auto, (max-width: 370px) 100vw, 370px\" \/>\t\t\t\t\t\t<div class=\"mask\"><\/div>\n\t\t\t\t\t\t<div class=\"icons\"><a href=\"https:\/\/www.playjump-toulouse.com\/index.php\/services\/mini-kart\/\" aria-hidden=\"true\" class=\"icon-plus-1\"><\/a><\/div><\/div>\t\n\t<div class=\"sc_services_item_info\">\n\t\t<div class=\"sc_services_item_header\">\n\t\t\t<h6 class=\"sc_services_item_title\"><a href=\"https:\/\/www.playjump-toulouse.com\/index.php\/services\/mini-kart\/\">MINI KART<\/a><\/h6>\n\t\t<\/div>\n\t\t\t\t\t<div class=\"sc_services_item_button sc_item_button\"><a href=\"https:\/\/www.playjump-toulouse.com\/index.php\/services\/mini-kart\/\" class=\"sc_button\">info<\/a><\/div>\n\t\t\t<\/div>\n<\/div>\n<\/div><\/div><\/div><!-- \/.sc_services -->[vc_empty_space alter_height=&#8221;medium&#8221; hide_on_mobile=&#8221;&#8221;][\/vc_column][\/vc_row][vc_row full_width=&#8221;stretch_row_content&#8221; css=&#8221;.vc_custom_1559119646214{background-color: #ee0659 !important;}&#8221;][vc_column][vc_empty_space alter_height=&#8221;small&#8221; hide_on_mobile=&#8221;&#8221;][vc_single_image image=&#8221;920&#8243; img_size=&#8221;full&#8221; alignment=&#8221;center&#8221;][vc_empty_space alter_height=&#8221;small&#8221; hide_on_mobile=&#8221;&#8221;]<div id=\"sc_title_194328857\"\n\t\tclass=\"sc_title color_style_default scheme_dark sc_title_default\"><h6 class=\"sc_item_title sc_title_title sc_align_center sc_item_title_style_default sc_item_title_tag\">Un petit creux ?<\/h6><div class=\"sc_item_descr sc_title_descr sc_align_center\"><p>Tu pourras te restaurer sur place.<br \/>\nDes burgers maisons, salades, paninis, menu enfant... sont propos\u00e9s \u00e0 la carte.<br \/>\nBoissons, jus frais press\u00e9s, gaufres, cr\u00eapes maison ou autres gourmandises au choix sont \u00e0 d\u00e9guster.<br \/>\nA noter qu'aucune boisson ou nourriture exterieure sont admises dans le parc<\/p>\n<\/div><\/div><!-- \/.sc_title -->[vc_empty_space hide_on_mobile=&#8221;&#8221;][vc_single_image image=&#8221;923&#8243; img_size=&#8221;full&#8221; alignment=&#8221;center&#8221;][vc_empty_space alter_height=&#8221;small&#8221; hide_on_mobile=&#8221;&#8221;][\/vc_column][\/vc_row]<\/p>\n","protected":false},"excerpt":{"rendered":"<p>[vc_row full_width=&#8221;stretch_row_content&#8221; css=&#8221;.vc_custom_1559116291555{background-color: #4e2c5f !important;}&#8221;][vc_column][vc_empty_space alter_height=&#8221;small&#8221; hide_on_mobile=&#8221;&#8221;][vc_empty_space alter_height=&#8221;small&#8221; hide_on_mobile=&#8221;&#8221;][vc_column_text] PlayJump c&#8217;est un espace familial ludique pour tous, \u00e0 l&#8217;est de Toulouse (m\u00e9tro terminus Balma-Gramont) [\/vc_column_text][vc_empty_space alter_height=&#8221;small&#8221; hide_on_mobile=&#8221;&#8221;][\/vc_column][\/vc_row][vc_row full_width=&#8221;stretch_row&#8221; css=&#8221;.vc_custom_1559119563354{background-color: #f9f9f9 !important;background-position: center !important;background-repeat: no-repeat !important;background-size: cover !important;}&#8221;][vc_column][vc_empty_space alter_height=&#8221;medium&#8221; hide_on_mobile=&#8221;&#8221;][vc_empty_space alter_height=&#8221;medium&#8221; hide_on_mobile=&#8221;&#8221;][\/vc_column][\/vc_row][vc_row full_width=&#8221;stretch_row_content&#8221; css=&#8221;.vc_custom_1559119646214{background-color: #ee0659 !important;}&#8221;][vc_column][vc_empty_space alter_height=&#8221;small&#8221; hide_on_mobile=&#8221;&#8221;][vc_single_image image=&#8221;920&#8243; img_size=&#8221;full&#8221; alignment=&#8221;center&#8221;][vc_empty_space alter_height=&#8221;small&#8221; hide_on_mobile=&#8221;&#8221;][vc_empty_space hide_on_mobile=&#8221;&#8221;][vc_single_image image=&#8221;923&#8243; img_size=&#8221;full&#8221; alignment=&#8221;center&#8221;][vc_empty_space alter_height=&#8221;small&#8221; hide_on_mobile=&#8221;&#8221;][\/vc_column][\/vc_row]<\/p>\n","protected":false},"author":1,"featured_media":0,"parent":0,"menu_order":0,"comment_status":"closed","ping_status":"closed","template":"","meta":{"footnotes":""},"class_list":["post-93","page","type-page","status-publish","hentry"],"yoast_head":"<!-- This site is optimized with the Yoast SEO plugin v24.0 - https:\/\/yoast.com\/wordpress\/plugins\/seo\/ -->\n<title>Activit\u00e9s - Playjump Toulouse - Parc d&#039;activit\u00e9s indoor \u00e0 Balma-Gramont<\/title>\n<meta name=\"description\" content=\"Des activit\u00e9s pour toute la famille : Trampoline Park, Ninja Warrior, Bac Mousse &amp; Mur d&#039;escalade Plaine de jeux, Mini-Kart, Jeux gonflables\" \/>\n<meta name=\"robots\" content=\"index, follow, max-snippet:-1, max-image-preview:large, max-video-preview:-1\" \/>\n<link rel=\"canonical\" href=\"https:\/\/www.playjump-toulouse.com\/index.php\/activites\/\" \/>\n<meta property=\"og:locale\" content=\"fr_FR\" \/>\n<meta property=\"og:type\" content=\"article\" \/>\n<meta property=\"og:title\" content=\"Activit\u00e9s - Playjump Toulouse - Parc d&#039;activit\u00e9s indoor \u00e0 Balma-Gramont\" \/>\n<meta property=\"og:description\" content=\"Des activit\u00e9s pour toute la famille : Trampoline Park, Ninja Warrior, Bac Mousse &amp; Mur d&#039;escalade Plaine de jeux, Mini-Kart, Jeux gonflables\" \/>\n<meta property=\"og:url\" content=\"https:\/\/www.playjump-toulouse.com\/index.php\/activites\/\" \/>\n<meta property=\"og:site_name\" content=\"Playjump Toulouse\" \/>\n<meta property=\"article:modified_time\" content=\"2019-09-12T07:06:09+00:00\" \/>\n<meta name=\"twitter:card\" content=\"summary_large_image\" \/>\n<meta name=\"twitter:label1\" content=\"Dur\u00e9e de lecture estim\u00e9e\" \/>\n\t<meta name=\"twitter:data1\" content=\"2 minutes\" \/>\n<script type=\"application\/ld+json\" class=\"yoast-schema-graph\">{\"@context\":\"https:\/\/schema.org\",\"@graph\":[{\"@type\":\"WebPage\",\"@id\":\"https:\/\/www.playjump-toulouse.com\/index.php\/activites\/\",\"url\":\"https:\/\/www.playjump-toulouse.com\/index.php\/activites\/\",\"name\":\"Activit\u00e9s - Playjump Toulouse - Parc d'activit\u00e9s indoor \u00e0 Balma-Gramont\",\"isPartOf\":{\"@id\":\"https:\/\/www.playjump-toulouse.com\/#website\"},\"datePublished\":\"2017-06-27T08:30:19+00:00\",\"dateModified\":\"2019-09-12T07:06:09+00:00\",\"description\":\"Des activit\u00e9s pour toute la famille : Trampoline Park, Ninja Warrior, Bac Mousse & Mur d'escalade Plaine de jeux, Mini-Kart, Jeux gonflables\",\"breadcrumb\":{\"@id\":\"https:\/\/www.playjump-toulouse.com\/index.php\/activites\/#breadcrumb\"},\"inLanguage\":\"fr-FR\",\"potentialAction\":[{\"@type\":\"ReadAction\",\"target\":[\"https:\/\/www.playjump-toulouse.com\/index.php\/activites\/\"]}]},{\"@type\":\"BreadcrumbList\",\"@id\":\"https:\/\/www.playjump-toulouse.com\/index.php\/activites\/#breadcrumb\",\"itemListElement\":[{\"@type\":\"ListItem\",\"position\":1,\"name\":\"Accueil\",\"item\":\"https:\/\/www.playjump-toulouse.com\/\"},{\"@type\":\"ListItem\",\"position\":2,\"name\":\"Activit\u00e9s\"}]},{\"@type\":\"WebSite\",\"@id\":\"https:\/\/www.playjump-toulouse.com\/#website\",\"url\":\"https:\/\/www.playjump-toulouse.com\/\",\"name\":\"Playjump Toulouse\",\"description\":\"Parc de jeux pour enfants \u00e0 Toulouse : enfants, ados, adultes\",\"potentialAction\":[{\"@type\":\"SearchAction\",\"target\":{\"@type\":\"EntryPoint\",\"urlTemplate\":\"https:\/\/www.playjump-toulouse.com\/?s={search_term_string}\"},\"query-input\":{\"@type\":\"PropertyValueSpecification\",\"valueRequired\":true,\"valueName\":\"search_term_string\"}}],\"inLanguage\":\"fr-FR\"}]}<\/script>\n<!-- \/ Yoast SEO plugin. -->","yoast_head_json":{"title":"Activit\u00e9s - Playjump Toulouse - Parc d'activit\u00e9s indoor \u00e0 Balma-Gramont","description":"Des activit\u00e9s pour toute la famille : Trampoline Park, Ninja Warrior, Bac Mousse & Mur d'escalade Plaine de jeux, Mini-Kart, Jeux gonflables","robots":{"index":"index","follow":"follow","max-snippet":"max-snippet:-1","max-image-preview":"max-image-preview:large","max-video-preview":"max-video-preview:-1"},"canonical":"https:\/\/www.playjump-toulouse.com\/index.php\/activites\/","og_locale":"fr_FR","og_type":"article","og_title":"Activit\u00e9s - Playjump Toulouse - Parc d'activit\u00e9s indoor \u00e0 Balma-Gramont","og_description":"Des activit\u00e9s pour toute la famille : Trampoline Park, Ninja Warrior, Bac Mousse & Mur d'escalade Plaine de jeux, Mini-Kart, Jeux gonflables","og_url":"https:\/\/www.playjump-toulouse.com\/index.php\/activites\/","og_site_name":"Playjump Toulouse","article_modified_time":"2019-09-12T07:06:09+00:00","twitter_card":"summary_large_image","twitter_misc":{"Dur\u00e9e de lecture estim\u00e9e":"2 minutes"},"schema":{"@context":"https:\/\/schema.org","@graph":[{"@type":"WebPage","@id":"https:\/\/www.playjump-toulouse.com\/index.php\/activites\/","url":"https:\/\/www.playjump-toulouse.com\/index.php\/activites\/","name":"Activit\u00e9s - Playjump Toulouse - Parc d'activit\u00e9s indoor \u00e0 Balma-Gramont","isPartOf":{"@id":"https:\/\/www.playjump-toulouse.com\/#website"},"datePublished":"2017-06-27T08:30:19+00:00","dateModified":"2019-09-12T07:06:09+00:00","description":"Des activit\u00e9s pour toute la famille : Trampoline Park, Ninja Warrior, Bac Mousse & Mur d'escalade Plaine de jeux, Mini-Kart, Jeux gonflables","breadcrumb":{"@id":"https:\/\/www.playjump-toulouse.com\/index.php\/activites\/#breadcrumb"},"inLanguage":"fr-FR","potentialAction":[{"@type":"ReadAction","target":["https:\/\/www.playjump-toulouse.com\/index.php\/activites\/"]}]},{"@type":"BreadcrumbList","@id":"https:\/\/www.playjump-toulouse.com\/index.php\/activites\/#breadcrumb","itemListElement":[{"@type":"ListItem","position":1,"name":"Accueil","item":"https:\/\/www.playjump-toulouse.com\/"},{"@type":"ListItem","position":2,"name":"Activit\u00e9s"}]},{"@type":"WebSite","@id":"https:\/\/www.playjump-toulouse.com\/#website","url":"https:\/\/www.playjump-toulouse.com\/","name":"Playjump Toulouse","description":"Parc de jeux pour enfants \u00e0 Toulouse : enfants, ados, adultes","potentialAction":[{"@type":"SearchAction","target":{"@type":"EntryPoint","urlTemplate":"https:\/\/www.playjump-toulouse.com\/?s={search_term_string}"},"query-input":{"@type":"PropertyValueSpecification","valueRequired":true,"valueName":"search_term_string"}}],"inLanguage":"fr-FR"}]}},"_links":{"self":[{"href":"https:\/\/www.playjump-toulouse.com\/index.php\/wp-json\/wp\/v2\/pages\/93","targetHints":{"allow":["GET"]}}],"collection":[{"href":"https:\/\/www.playjump-toulouse.com\/index.php\/wp-json\/wp\/v2\/pages"}],"about":[{"href":"https:\/\/www.playjump-toulouse.com\/index.php\/wp-json\/wp\/v2\/types\/page"}],"author":[{"embeddable":true,"href":"https:\/\/www.playjump-toulouse.com\/index.php\/wp-json\/wp\/v2\/users\/1"}],"replies":[{"embeddable":true,"href":"https:\/\/www.playjump-toulouse.com\/index.php\/wp-json\/wp\/v2\/comments?post=93"}],"version-history":[{"count":35,"href":"https:\/\/www.playjump-toulouse.com\/index.php\/wp-json\/wp\/v2\/pages\/93\/revisions"}],"predecessor-version":[{"id":1327,"href":"https:\/\/www.playjump-toulouse.com\/index.php\/wp-json\/wp\/v2\/pages\/93\/revisions\/1327"}],"wp:attachment":[{"href":"https:\/\/www.playjump-toulouse.com\/index.php\/wp-json\/wp\/v2\/media?parent=93"}],"curies":[{"name":"wp","href":"https:\/\/api.w.org\/{rel}","templated":true}]}}