{"id":114,"date":"2017-06-27T10:54:17","date_gmt":"2017-06-27T10:54:17","guid":{"rendered":"http:\/\/www.playjump-toulouse.com\/?page_id=114"},"modified":"2025-09-01T10:27:54","modified_gmt":"2025-09-01T08:27:54","slug":"contact","status":"publish","type":"page","link":"https:\/\/www.playjump-toulouse.com\/index.php\/contact\/","title":{"rendered":"Contact"},"content":{"rendered":"<p>[vc_row][vc_column][vc_empty_space alter_height=&#8221;medium&#8221; hide_on_mobile=&#8221;&#8221;]<div id=\"sc_title_92258357\"\n\t\tclass=\"sc_title color_style_default sc_title_default\"><h6 class=\"sc_item_subtitle sc_title_subtitle sc_align_center sc_item_title_style_default\">Contact & Infos pratiques<\/h6><h2 class=\"sc_item_title sc_title_title sc_align_center sc_item_title_style_default sc_item_title_tag\">POUR SE RENDRE \u00c0 PLAYJUMP<\/h2><\/div><!-- \/.sc_title -->[vc_row_inner][vc_column_inner width=&#8221;1\/2&#8243;][vc_empty_space alter_height=&#8221;medium&#8221; hide_on_mobile=&#8221;&#8221;][vc_empty_space alter_height=&#8221;small&#8221; hide_on_mobile=&#8221;&#8221;][vc_single_image image=&#8221;1115&#8243; img_size=&#8221;large&#8221; alignment=&#8221;center&#8221;][vc_empty_space alter_height=&#8221;medium&#8221; hide_on_mobile=&#8221;&#8221;]<div id=\"sc_title_519221545\"\n\t\tclass=\"sc_title color_style_default sc_title_default\"><h6 class=\"sc_item_title sc_title_title sc_align_center sc_item_title_style_default sc_item_title_tag\">Adresse<\/h6><div class=\"sc_item_descr sc_title_descr sc_align_center\"><p>Ancien parc Kidou R\u00e9cr\u00e9<br \/>\nDerri\u00e8re Auchan<br \/>\nRue Jansou - 31200 Toulouse<\/p>\n<\/div><\/div><!-- \/.sc_title -->[vc_empty_space alter_height=&#8221;medium&#8221; hide_on_mobile=&#8221;&#8221;][\/vc_column_inner][vc_column_inner width=&#8221;1\/2&#8243;][vc_empty_space alter_height=&#8221;medium&#8221; hide_on_mobile=&#8221;&#8221;][vc_empty_space alter_height=&#8221;small&#8221; hide_on_mobile=&#8221;&#8221;][vc_single_image image=&#8221;1116&#8243; img_size=&#8221;full&#8221; alignment=&#8221;center&#8221;][vc_empty_space alter_height=&#8221;medium&#8221; hide_on_mobile=&#8221;&#8221;]<div id=\"sc_title_1853235857\"\n\t\tclass=\"sc_title color_style_default sc_title_default\"><h6 class=\"sc_item_title sc_title_title sc_align_center sc_item_title_style_default sc_item_title_tag\">T\u00e9l\u00e9phone<\/h6><div class=\"sc_item_descr sc_title_descr sc_align_center\"><p>05 62 21 25 53<\/p>\n<\/div><\/div><!-- \/.sc_title -->[vc_empty_space alter_height=&#8221;medium&#8221; hide_on_mobile=&#8221;&#8221;][\/vc_column_inner][\/vc_row_inner][\/vc_column][\/vc_row][vc_row full_width=&#8221;stretch_row_content_no_spaces&#8221; css=&#8221;.vc_custom_1559289932180{background-color: #f8f8f8 !important;}&#8221;][vc_column width=&#8221;1\/2&#8243;]<div id=\"sc_googlemap_2026167370_wrap\" class=\"sc_googlemap_wrap\"><div id=\"sc_googlemap_2026167370\"\n\t\t\tclass=\"sc_googlemap sc_googlemap_default\"\n\t\t\t style=\"width:100%;height:645px;\"\t\t\tdata-zoom=\"12\"\n\t\t\tdata-style=\"grey\"\n\t\t\tdata-cluster-icon=\"\"\n        ><iframe\n                    src=\"https:\/\/maps.google.com\/maps?t=m&output=embed&iwloc=near&z=12&q=5+Rue+Henri+Jansou%2C+31200+Toulouse\"\n                    scrolling=\"no\"\n                    marginheight=\"0\"\n                    marginwidth=\"0\"\n                    frameborder=\"0\"\n                    aria-label=\"PLAYJUMP TOULOUSE\"><\/iframe><\/div><\/div><!-- \/.sc_googlemap_wrap -->[\/vc_column][vc_column width=&#8221;1\/2&#8243; css=&#8221;.vc_custom_1559290007309{padding-left: 30px !important;}&#8221;][vc_empty_space alter_height=&#8221;medium&#8221; hide_on_mobile=&#8221;&#8221;]<div id=\"sc_title_600811153\"\n\t\tclass=\"sc_title color_style_default sc_title_default\"><h3 class=\"sc_item_title sc_title_title sc_align_left sc_item_title_style_default\">Horaires<\/h3><\/div><!-- \/.sc_title -->[vc_empty_space alter_height=&#8221;small&#8221; hide_on_mobile=&#8221;&#8221;][vc_column_text]<\/p>\n<p class=\"sc_icons_item_title\"><span style=\"color: #ee0659;\"><strong>Hors vacances scolaires<\/strong><\/span><br \/>\nLundi Ferm\u00e9<br \/>\nMardi Ferm\u00e9<br \/>\nMercredi 13h-20h<br \/>\nJeudi 16h-20h<br \/>\nVendredi 16h-20h<br \/>\nSamedi 10h-20h<br \/>\nDimanche 10h-20h<\/p>\n<p class=\"sc_icons_item_title\"><span style=\"color: #ee0659;\"><strong>Vacances scolaires<br \/>\n<\/strong><\/span>Lundi au Dimanche 10h-20h<\/p>\n<p class=\"sc_icons_item_title\"><span style=\"color: #ee0659;\"><strong>Horaires d&#8217;\u00e9t\u00e9<br \/>\n<\/strong><\/span>Lundi au Dimanche 13h30-20h<\/p>\n<p>[\/vc_column_text][vc_empty_space alter_height=&#8221;medium&#8221; hide_on_mobile=&#8221;&#8221;][\/vc_column][\/vc_row][vc_row full_width=&#8221;stretch_row_content_no_spaces&#8221; css=&#8221;.vc_custom_1559744481757{background-color: #ee0659 !important;background-position: center !important;background-repeat: no-repeat !important;background-size: cover !important;}&#8221;][vc_column offset=&#8221;vc_col-md-offset-3 vc_col-md-6 vc_col-xs-12&#8243;][vc_empty_space alter_height=&#8221;huge&#8221; hide_on_mobile=&#8221;&#8221;]<div id=\"sc_content_1531707942\"\n\t\tclass=\"sc_content color_style_default scheme_dark sc_content_default sc_float_center sc_align_center\"><div class=\"sc_content_container\"><div id=\"sc_title_1659135895\"\n\t\tclass=\"sc_title color_style_default sc_title_default\"><h6 class=\"sc_item_subtitle sc_title_subtitle sc_align_center sc_item_title_style_default\">Une question \u00e0 nous poser ?<\/h6><h3 class=\"sc_item_title sc_title_title sc_align_center sc_item_title_style_default\">On en parle<\/h3><\/div><!-- \/.sc_title --><\/div><\/div><!-- \/.sc_content -->[vc_empty_space alter_height=&#8221;medium&#8221; hide_on_mobile=&#8221;&#8221;]\n<div class=\"wpcf7 no-js\" id=\"wpcf7-f6-o1\" lang=\"en-US\" dir=\"ltr\" data-wpcf7-id=\"6\">\n<div class=\"screen-reader-response\"><p role=\"status\" aria-live=\"polite\" aria-atomic=\"true\"><\/p> <ul><\/ul><\/div>\n<form action=\"\/index.php\/wp-json\/wp\/v2\/pages\/114#wpcf7-f6-o1\" method=\"post\" class=\"wpcf7-form init\" aria-label=\"Contact form\" novalidate=\"novalidate\" data-status=\"init\">\n<div style=\"display: none;\">\n<input type=\"hidden\" name=\"_wpcf7\" value=\"6\" \/>\n<input type=\"hidden\" name=\"_wpcf7_version\" value=\"6.0.1\" \/>\n<input type=\"hidden\" name=\"_wpcf7_locale\" value=\"en_US\" \/>\n<input type=\"hidden\" name=\"_wpcf7_unit_tag\" value=\"wpcf7-f6-o1\" \/>\n<input type=\"hidden\" name=\"_wpcf7_container_post\" value=\"0\" \/>\n<input type=\"hidden\" name=\"_wpcf7_posted_data_hash\" value=\"\" \/>\n<\/div>\n<p><label><br \/>\n<span class=\"wpcf7-form-control-wrap\" data-name=\"your-name\"><input size=\"40\" maxlength=\"400\" class=\"wpcf7-form-control wpcf7-text wpcf7-validates-as-required\" aria-required=\"true\" aria-invalid=\"false\" placeholder=\"Votre nom\" value=\"\" type=\"text\" name=\"your-name\" \/><\/span> <\/label><br \/>\n<label><br \/>\n<span class=\"wpcf7-form-control-wrap\" data-name=\"your-email\"><input size=\"40\" maxlength=\"400\" class=\"wpcf7-form-control wpcf7-email wpcf7-validates-as-required wpcf7-text wpcf7-validates-as-email\" aria-required=\"true\" aria-invalid=\"false\" placeholder=\"Votre Email\" value=\"\" type=\"email\" name=\"your-email\" \/><\/span> <\/label><br \/>\n<label><br \/>\n<span class=\"wpcf7-form-control-wrap\" data-name=\"your-message\"><textarea cols=\"40\" rows=\"10\" maxlength=\"2000\" class=\"wpcf7-form-control wpcf7-textarea\" aria-invalid=\"false\" placeholder=\"Votre Message\" name=\"your-message\"><\/textarea><\/span> <\/label><br \/>\n<span class=\"wpcf7-form-control-wrap\" data-name=\"acceptance-704\"><span class=\"wpcf7-form-control wpcf7-acceptance\"><span class=\"wpcf7-list-item\"><label><input type=\"checkbox\" name=\"acceptance-704\" value=\"1\" aria-invalid=\"false\" \/><span class=\"wpcf7-list-item-label\">Je conviens que les donn\u00e9es que je soumets sont collect\u00e9es et stock\u00e9es.<\/span><\/label><\/span><\/span><\/span><br \/>\n<input class=\"wpcf7-form-control wpcf7-submit has-spinner\" type=\"submit\" value=\"Envoyer Message\" \/>\n<\/p><div class=\"wpcf7-response-output\" aria-hidden=\"true\"><\/div>\n<\/form>\n<\/div>\n[vc_empty_space alter_height=&#8221;huge&#8221; hide_on_mobile=&#8221;&#8221;][\/vc_column][\/vc_row][vc_row][vc_column][vc_column_text]<\/p>\n<p>[\/vc_column_text][\/vc_column][\/vc_row]<\/p>\n","protected":false},"excerpt":{"rendered":"<p>[vc_row][vc_column][vc_empty_space alter_height=&#8221;medium&#8221; hide_on_mobile=&#8221;&#8221;][vc_row_inner][vc_column_inner width=&#8221;1\/2&#8243;][vc_empty_space alter_height=&#8221;medium&#8221; hide_on_mobile=&#8221;&#8221;][vc_empty_space alter_height=&#8221;small&#8221; hide_on_mobile=&#8221;&#8221;][vc_single_image image=&#8221;1115&#8243; img_size=&#8221;large&#8221; alignment=&#8221;center&#8221;][vc_empty_space alter_height=&#8221;medium&#8221; hide_on_mobile=&#8221;&#8221;][vc_empty_space alter_height=&#8221;medium&#8221; hide_on_mobile=&#8221;&#8221;][\/vc_column_inner][vc_column_inner width=&#8221;1\/2&#8243;][vc_empty_space alter_height=&#8221;medium&#8221; hide_on_mobile=&#8221;&#8221;][vc_empty_space alter_height=&#8221;small&#8221; hide_on_mobile=&#8221;&#8221;][vc_single_image image=&#8221;1116&#8243; img_size=&#8221;full&#8221; alignment=&#8221;center&#8221;][vc_empty_space alter_height=&#8221;medium&#8221; hide_on_mobile=&#8221;&#8221;][vc_empty_space alter_height=&#8221;medium&#8221; hide_on_mobile=&#8221;&#8221;][\/vc_column_inner][\/vc_row_inner][\/vc_column][\/vc_row][vc_row full_width=&#8221;stretch_row_content_no_spaces&#8221; css=&#8221;.vc_custom_1559289932180{background-color: #f8f8f8 !important;}&#8221;][vc_column width=&#8221;1\/2&#8243;][\/vc_column][vc_column width=&#8221;1\/2&#8243; css=&#8221;.vc_custom_1559290007309{padding-left: 30px !important;}&#8221;][vc_empty_space alter_height=&#8221;medium&#8221; hide_on_mobile=&#8221;&#8221;][vc_empty_space alter_height=&#8221;small&#8221; hide_on_mobile=&#8221;&#8221;][vc_column_text] Hors vacances scolaires Lundi Ferm\u00e9 Mardi Ferm\u00e9 Mercredi 13h-20h Jeudi 16h-20h Vendredi 16h-20h Samedi 10h-20h Dimanche 10h-20h Vacances scolaires Lundi au Dimanche 10h-20h Horaires d&#8217;\u00e9t\u00e9 Lundi au Dimanche 13h30-20h [\/vc_column_text][vc_empty_space&hellip;<\/p>\n","protected":false},"author":1,"featured_media":0,"parent":0,"menu_order":0,"comment_status":"closed","ping_status":"closed","template":"","meta":{"footnotes":""},"class_list":["post-114","page","type-page","status-publish","hentry"],"yoast_head":"<!-- This site is optimized with the Yoast SEO plugin v24.0 - https:\/\/yoast.com\/wordpress\/plugins\/seo\/ -->\n<title>Contact - Playjump Toulouse - Parc multi activit\u00e9s \u00e0 Balma Gramont<\/title>\n<meta name=\"description\" content=\"Venez nous rendrez visite : Ancien parc Kidou R\u00e9cr\u00e9, Derri\u00e8re Auchan, Rue Jansou - 31200 Toulouse, contactez nous au 05 62 21 25 53\" \/>\n<meta name=\"robots\" content=\"index, follow, max-snippet:-1, max-image-preview:large, max-video-preview:-1\" \/>\n<link rel=\"canonical\" href=\"https:\/\/www.playjump-toulouse.com\/index.php\/contact\/\" \/>\n<meta property=\"og:locale\" content=\"fr_FR\" \/>\n<meta property=\"og:type\" content=\"article\" \/>\n<meta property=\"og:title\" content=\"Contact - Playjump Toulouse - Parc multi activit\u00e9s \u00e0 Balma Gramont\" \/>\n<meta property=\"og:description\" content=\"Venez nous rendrez visite : Ancien parc Kidou R\u00e9cr\u00e9, Derri\u00e8re Auchan, Rue Jansou - 31200 Toulouse, contactez nous au 05 62 21 25 53\" \/>\n<meta property=\"og:url\" content=\"https:\/\/www.playjump-toulouse.com\/index.php\/contact\/\" \/>\n<meta property=\"og:site_name\" content=\"Playjump Toulouse\" \/>\n<meta property=\"article:modified_time\" content=\"2025-09-01T08:27:54+00:00\" \/>\n<meta name=\"twitter:card\" content=\"summary_large_image\" \/>\n<meta name=\"twitter:label1\" content=\"Dur\u00e9e de lecture estim\u00e9e\" \/>\n\t<meta name=\"twitter:data1\" content=\"1 minute\" \/>\n<script type=\"application\/ld+json\" class=\"yoast-schema-graph\">{\"@context\":\"https:\/\/schema.org\",\"@graph\":[{\"@type\":\"WebPage\",\"@id\":\"https:\/\/www.playjump-toulouse.com\/index.php\/contact\/\",\"url\":\"https:\/\/www.playjump-toulouse.com\/index.php\/contact\/\",\"name\":\"Contact - Playjump Toulouse - Parc multi activit\u00e9s \u00e0 Balma Gramont\",\"isPartOf\":{\"@id\":\"https:\/\/www.playjump-toulouse.com\/#website\"},\"datePublished\":\"2017-06-27T10:54:17+00:00\",\"dateModified\":\"2025-09-01T08:27:54+00:00\",\"description\":\"Venez nous rendrez visite : Ancien parc Kidou R\u00e9cr\u00e9, Derri\u00e8re Auchan, Rue Jansou - 31200 Toulouse, contactez nous au 05 62 21 25 53\",\"breadcrumb\":{\"@id\":\"https:\/\/www.playjump-toulouse.com\/index.php\/contact\/#breadcrumb\"},\"inLanguage\":\"fr-FR\",\"potentialAction\":[{\"@type\":\"ReadAction\",\"target\":[\"https:\/\/www.playjump-toulouse.com\/index.php\/contact\/\"]}]},{\"@type\":\"BreadcrumbList\",\"@id\":\"https:\/\/www.playjump-toulouse.com\/index.php\/contact\/#breadcrumb\",\"itemListElement\":[{\"@type\":\"ListItem\",\"position\":1,\"name\":\"Accueil\",\"item\":\"https:\/\/www.playjump-toulouse.com\/\"},{\"@type\":\"ListItem\",\"position\":2,\"name\":\"Contact\"}]},{\"@type\":\"WebSite\",\"@id\":\"https:\/\/www.playjump-toulouse.com\/#website\",\"url\":\"https:\/\/www.playjump-toulouse.com\/\",\"name\":\"Playjump Toulouse\",\"description\":\"Parc de jeux pour enfants \u00e0 Toulouse : enfants, ados, adultes\",\"potentialAction\":[{\"@type\":\"SearchAction\",\"target\":{\"@type\":\"EntryPoint\",\"urlTemplate\":\"https:\/\/www.playjump-toulouse.com\/?s={search_term_string}\"},\"query-input\":{\"@type\":\"PropertyValueSpecification\",\"valueRequired\":true,\"valueName\":\"search_term_string\"}}],\"inLanguage\":\"fr-FR\"}]}<\/script>\n<!-- \/ Yoast SEO plugin. -->","yoast_head_json":{"title":"Contact - Playjump Toulouse - Parc multi activit\u00e9s \u00e0 Balma Gramont","description":"Venez nous rendrez visite : Ancien parc Kidou R\u00e9cr\u00e9, Derri\u00e8re Auchan, Rue Jansou - 31200 Toulouse, contactez nous au 05 62 21 25 53","robots":{"index":"index","follow":"follow","max-snippet":"max-snippet:-1","max-image-preview":"max-image-preview:large","max-video-preview":"max-video-preview:-1"},"canonical":"https:\/\/www.playjump-toulouse.com\/index.php\/contact\/","og_locale":"fr_FR","og_type":"article","og_title":"Contact - Playjump Toulouse - Parc multi activit\u00e9s \u00e0 Balma Gramont","og_description":"Venez nous rendrez visite : Ancien parc Kidou R\u00e9cr\u00e9, Derri\u00e8re Auchan, Rue Jansou - 31200 Toulouse, contactez nous au 05 62 21 25 53","og_url":"https:\/\/www.playjump-toulouse.com\/index.php\/contact\/","og_site_name":"Playjump Toulouse","article_modified_time":"2025-09-01T08:27:54+00:00","twitter_card":"summary_large_image","twitter_misc":{"Dur\u00e9e de lecture estim\u00e9e":"1 minute"},"schema":{"@context":"https:\/\/schema.org","@graph":[{"@type":"WebPage","@id":"https:\/\/www.playjump-toulouse.com\/index.php\/contact\/","url":"https:\/\/www.playjump-toulouse.com\/index.php\/contact\/","name":"Contact - Playjump Toulouse - Parc multi activit\u00e9s \u00e0 Balma Gramont","isPartOf":{"@id":"https:\/\/www.playjump-toulouse.com\/#website"},"datePublished":"2017-06-27T10:54:17+00:00","dateModified":"2025-09-01T08:27:54+00:00","description":"Venez nous rendrez visite : Ancien parc Kidou R\u00e9cr\u00e9, Derri\u00e8re Auchan, Rue Jansou - 31200 Toulouse, contactez nous au 05 62 21 25 53","breadcrumb":{"@id":"https:\/\/www.playjump-toulouse.com\/index.php\/contact\/#breadcrumb"},"inLanguage":"fr-FR","potentialAction":[{"@type":"ReadAction","target":["https:\/\/www.playjump-toulouse.com\/index.php\/contact\/"]}]},{"@type":"BreadcrumbList","@id":"https:\/\/www.playjump-toulouse.com\/index.php\/contact\/#breadcrumb","itemListElement":[{"@type":"ListItem","position":1,"name":"Accueil","item":"https:\/\/www.playjump-toulouse.com\/"},{"@type":"ListItem","position":2,"name":"Contact"}]},{"@type":"WebSite","@id":"https:\/\/www.playjump-toulouse.com\/#website","url":"https:\/\/www.playjump-toulouse.com\/","name":"Playjump Toulouse","description":"Parc de jeux pour enfants \u00e0 Toulouse : enfants, ados, adultes","potentialAction":[{"@type":"SearchAction","target":{"@type":"EntryPoint","urlTemplate":"https:\/\/www.playjump-toulouse.com\/?s={search_term_string}"},"query-input":{"@type":"PropertyValueSpecification","valueRequired":true,"valueName":"search_term_string"}}],"inLanguage":"fr-FR"}]}},"_links":{"self":[{"href":"https:\/\/www.playjump-toulouse.com\/index.php\/wp-json\/wp\/v2\/pages\/114","targetHints":{"allow":["GET"]}}],"collection":[{"href":"https:\/\/www.playjump-toulouse.com\/index.php\/wp-json\/wp\/v2\/pages"}],"about":[{"href":"https:\/\/www.playjump-toulouse.com\/index.php\/wp-json\/wp\/v2\/types\/page"}],"author":[{"embeddable":true,"href":"https:\/\/www.playjump-toulouse.com\/index.php\/wp-json\/wp\/v2\/users\/1"}],"replies":[{"embeddable":true,"href":"https:\/\/www.playjump-toulouse.com\/index.php\/wp-json\/wp\/v2\/comments?post=114"}],"version-history":[{"count":62,"href":"https:\/\/www.playjump-toulouse.com\/index.php\/wp-json\/wp\/v2\/pages\/114\/revisions"}],"predecessor-version":[{"id":1429,"href":"https:\/\/www.playjump-toulouse.com\/index.php\/wp-json\/wp\/v2\/pages\/114\/revisions\/1429"}],"wp:attachment":[{"href":"https:\/\/www.playjump-toulouse.com\/index.php\/wp-json\/wp\/v2\/media?parent=114"}],"curies":[{"name":"wp","href":"https:\/\/api.w.org\/{rel}","templated":true}]}}