{"id":110,"date":"2017-06-27T10:52:39","date_gmt":"2017-06-27T10:52:39","guid":{"rendered":"http:\/\/www.playjump-toulouse.com\/?page_id=110"},"modified":"2025-07-02T15:05:39","modified_gmt":"2025-07-02T13:05:39","slug":"home-1-2","status":"publish","type":"page","link":"https:\/\/www.playjump-toulouse.com\/","title":{"rendered":"ACCUEIL"},"content":{"rendered":"<p>[vc_row full_width=&#8221;stretch_row_content_no_spaces&#8221;][vc_column][rev_slider_vc alias=&#8221;slider3&#8243;][\/vc_column][\/vc_row][vc_row full_width=&#8221;stretch_row&#8221; css=&#8221;.vc_custom_1558631238352{background-position: center !important;background-repeat: no-repeat !important;background-size: cover !important;}&#8221;][vc_column]<div class=\"sc_layouts sc_layouts_default sc_layouts_772\">[vc_row][vc_column icons_position=\"left\"][vc_empty_space alter_height=\"large\" hide_on_mobile=\"\" css=\".vc_custom_1559035612857{margin-top: 0.9rem !important;}\"]<div id=\"sc_title_1120299235\"\n\t\tclass=\"sc_title color_style_default sc_title_default\"><h3 class=\"sc_item_title sc_title_title sc_align_center sc_item_title_style_default sc_item_title_tag\">Un max de fun et une dose d\u2019adr\u00e9naline<\/h3><\/div><!-- \/.sc_title -->[vc_empty_space alter_height=\"small\" hide_on_mobile=\"\" css=\".vc_custom_1559035589932{margin-top: 0.9rem !important;}\"][vc_column_text]\r\n<h6 style=\"text-align: center;\"><span style=\"color: #4e2c5f;\">Bienvenue chez Playjump votre parc de loisirs multi-activit\u00e9s indoor de 1400 m2,<\/span>\r\n<span style=\"color: #4e2c5f;\">unique \u00e0 Toulouse pour les enfants, ados et adultes.<\/span><\/h6>\r\n[\/vc_column_text][vc_empty_space height=\"20px\" alter_height=\"medium\" hide_on_mobile=\"\" css=\".vc_custom_1559035540361{margin-top: 0.9rem !important;}\"][\/vc_column][\/vc_row]<\/div>[vc_column_text]<div class='mwai-chatbot-container' data-params='{&quot;aiName&quot;:&quot;BOB&quot;,&quot;userName&quot;:&quot;Vous : &quot;,&quot;guestName&quot;:&quot;Guest:&quot;,&quot;textSend&quot;:&quot;Envoyer&quot;,&quot;textClear&quot;:&quot;Rafra\\u00eechir&quot;,&quot;textInputPlaceholder&quot;:&quot;Ecrire votre question&quot;,&quot;textInputMaxLength&quot;:512,&quot;textCompliance&quot;:&quot;&quot;,&quot;startSentence&quot;:&quot;Bonjour comment je peux vous aider ?&quot;,&quot;localMemory&quot;:1,&quot;themeId&quot;:&quot;messages&quot;,&quot;window&quot;:1,&quot;icon&quot;:&quot;&quot;,&quot;iconText&quot;:&quot;Besoin d&#039;aide ?&quot;,&quot;iconTextDelay&quot;:&quot;0&quot;,&quot;iconAlt&quot;:&quot;AI Engine Chatbot&quot;,&quot;iconPosition&quot;:&quot;bottom-left&quot;,&quot;iconBubble&quot;:&quot;&quot;,&quot;fullscreen&quot;:&quot;&quot;,&quot;copyButton&quot;:&quot;&quot;}' data-system='{&quot;botId&quot;:&quot;default&quot;,&quot;customId&quot;:null,&quot;userData&quot;:null,&quot;sessionId&quot;:&quot;N\\\/A&quot;,&quot;restNonce&quot;:null,&quot;contextId&quot;:110,&quot;pluginUrl&quot;:&quot;https:\\\/\\\/www.playjump-toulouse.com\\\/wp-content\\\/plugins\\\/ai-engine\\\/&quot;,&quot;restUrl&quot;:&quot;https:\\\/\\\/www.playjump-toulouse.com\\\/index.php\\\/wp-json&quot;,&quot;stream&quot;:false,&quot;debugMode&quot;:false,&quot;speech_recognition&quot;:false,&quot;speech_synthesis&quot;:false,&quot;typewriter&quot;:false,&quot;virtual_keyboard_fix&quot;:false,&quot;actions&quot;:[],&quot;blocks&quot;:[],&quot;shortcuts&quot;:[]}' data-theme='{&quot;type&quot;:&quot;internal&quot;,&quot;name&quot;:&quot;Messages&quot;,&quot;themeId&quot;:&quot;messages&quot;,&quot;settings&quot;:{&quot;backgroundPrimaryColor&quot;:&quot;#f6f6f6&quot;,&quot;backgroundUserColor&quot;:&quot;#ee0659&quot;,&quot;bubbleColor&quot;:&quot;#ee0659&quot;,&quot;iconTextBackgroundColor&quot;:&quot;#ee0659&quot;,&quot;backgroundHeaderColor&quot;:&quot;#ee0659&quot;,&quot;maxHeight&quot;:&quot;50vh&quot;,&quot;fontSize&quot;:&quot;17px&quot;,&quot;width&quot;:&quot;500px&quot;},&quot;style&quot;:&quot;&quot;}'><\/div>[\/vc_column_text][\/vc_column][\/vc_row][vc_row][vc_column]<div class=\"sc_layouts sc_layouts_default sc_layouts_787\">[vc_row full_width=\"stretch_row_content_no_spaces\" equal_height=\"yes\"][vc_column icons_position=\"left\" css=\".vc_custom_1559743061170{background-color: #f08f00 !important;}\" offset=\"vc_col-md-6 vc_hidden-sm vc_hidden-xs\"][vc_empty_space height=\"40px\" alter_height=\"small\" hide_on_mobile=\"\"]<div id=\"sc_content_1364720270\"\n\t\tclass=\"sc_content color_style_default sc_content_default sc_float_left sc_align_left sc_padding_medium sc_margin_medium\"><div class=\"sc_content_container\"><div id=\"sc_title_45099885\"\n\t\tclass=\"sc_title color_style_default sc_title_default\"><h4 class=\"sc_item_title sc_title_title sc_align_left sc_item_title_style_default sc_item_title_tag\">UN PARC POUR TOUS<\/h4><div class=\"sc_item_descr sc_title_descr sc_align_left\"><p>PlayJump c\u2019est un espace familial ludique pour tous, \u00e0 l\u2019est de Toulouse (terminus Balma-Gramont). Seul ou accompagn\u00e9 d\u00e9couvre une exp\u00e9rience unique pour r\u00e9aliser des figures acrobatiques sur des trampolines, jouer dans la plaine de jeux ou encore tester votre endurance sur le parcours Ninja<\/p>\n<\/div><\/div><!-- \/.sc_title -->[vc_empty_space height=\"10px\" hide_on_mobile=\"\"]<div class=\"cq-buttoncontainer  \"><div class=\"animatetype-1\"><div><a href=\"http:\/\/www.playjump-toulouse.com\/index.php\/activites\/\" title=\"\" target=\"\" style=\"color:;background-color:;\" class=\"btn cqbtn-1\"><span class=\"txt\">Nos activit\u00e9s<\/span><span class=\"round\"><i style=\"margin-top:;margin-left:;\" class=\"fa fa-arrow-right\"><\/i><\/span><\/a><\/div><\/div><\/div><\/div><\/div><!-- \/.sc_content -->[\/vc_column][vc_column column_align=\"center\" icons_position=\"left\" css=\".vc_custom_1558955046801{background-color: #ffba00 !important;}\" offset=\"vc_col-md-6\"][vc_row_inner][vc_column_inner width=\"1\/3\" column_align=\"center\" icons_position=\"left\"]<div class=\"cq-imageoverlay2-container  topright_bottomleft\" data-elementheight=\"\" data-overlaycolor=\"#434A54\"  data-image=\"1\" data-titlesize=\"\" data-contentsize=\"\" data-contentcolor=\"\" data-overlaystyle=\"darkgray\" data-elementmargin=\"\"><div class=\"cq-imageoverlay2\"><img decoding=\"async\" src=\"https:\/\/www.playjump-toulouse.com\/wp-content\/uploads\/2019\/05\/trampoline-toulouse.jpg\" class=\"cq-imageoverlay2-img\" \/><div class=\"text-container\"><h3 class=\"cq-imageoverlay2-title\">Trampoline<\/h3><\/div><div class=\"cq-imageoverlay2-background\"><\/div><\/div><\/div>[\/vc_column_inner][vc_column_inner width=\"1\/3\" icons_position=\"left\"]<div class=\"cq-imageoverlay2-container  \" data-elementheight=\"\" data-overlaycolor=\"#434A54\"  data-image=\"1\" data-titlesize=\"\" data-contentsize=\"\" data-contentcolor=\"\" data-overlaystyle=\"darkgray\" data-elementmargin=\"\"><div class=\"cq-imageoverlay2\"><img decoding=\"async\" src=\"https:\/\/www.playjump-toulouse.com\/wp-content\/uploads\/2019\/05\/ninja-warrior-toulouse.jpg\" class=\"cq-imageoverlay2-img\" \/><div class=\"text-container\"><h3 class=\"cq-imageoverlay2-title\">Ninja Warrior<\/h3><\/div><div class=\"cq-imageoverlay2-background\"><\/div><\/div><\/div>[\/vc_column_inner][vc_column_inner width=\"1\/3\" icons_position=\"left\"]<div class=\"cq-imageoverlay2-container  \" data-elementheight=\"\" data-overlaycolor=\"#434A54\"  data-image=\"1\" data-titlesize=\"\" data-contentsize=\"\" data-contentcolor=\"\" data-overlaystyle=\"darkgray\" data-elementmargin=\"\"><div class=\"cq-imageoverlay2\"><img decoding=\"async\" src=\"https:\/\/www.playjump-toulouse.com\/wp-content\/uploads\/2019\/05\/bac-mousse-1.jpg\" class=\"cq-imageoverlay2-img\" \/><div class=\"text-container\"><h3 class=\"cq-imageoverlay2-title\">Mur d'escalade &amp; Bac \u00e0 mousse<\/h3><\/div><div class=\"cq-imageoverlay2-background\"><\/div><\/div><\/div>[\/vc_column_inner][\/vc_row_inner][vc_row_inner][vc_column_inner width=\"1\/3\" icons_position=\"left\"]<div class=\"cq-imageoverlay2-container  \" data-elementheight=\"\" data-overlaycolor=\"#434A54\"  data-image=\"1\" data-titlesize=\"\" data-contentsize=\"\" data-contentcolor=\"\" data-overlaystyle=\"darkgray\" data-elementmargin=\"\"><div class=\"cq-imageoverlay2\"><img decoding=\"async\" src=\"https:\/\/www.playjump-toulouse.com\/wp-content\/uploads\/2019\/05\/plaine-jeux-toulouse.jpg\" class=\"cq-imageoverlay2-img\" \/><div class=\"text-container\"><h3 class=\"cq-imageoverlay2-title\">PLAINE DE JEUX<\/h3><\/div><div class=\"cq-imageoverlay2-background\"><\/div><\/div><\/div>[\/vc_column_inner][vc_column_inner width=\"1\/3\" icons_position=\"left\"]<div class=\"cq-imageoverlay2-container  \" data-elementheight=\"\" data-overlaycolor=\"#434A54\"  data-image=\"1\" data-titlesize=\"\" data-contentsize=\"\" data-contentcolor=\"\" data-overlaystyle=\"darkgray\" data-elementmargin=\"\"><div class=\"cq-imageoverlay2\"><img decoding=\"async\" src=\"https:\/\/www.playjump-toulouse.com\/wp-content\/uploads\/2019\/05\/plaine-jeux-baleine-playjump-toulouse.jpg\" class=\"cq-imageoverlay2-img\" \/><div class=\"text-container\"><h3 class=\"cq-imageoverlay2-title\">Jeu gonflable<\/h3><\/div><div class=\"cq-imageoverlay2-background\"><\/div><\/div><\/div>[\/vc_column_inner][vc_column_inner width=\"1\/3\" icons_position=\"left\"]<div class=\"cq-imageoverlay2-container  \" data-elementheight=\"\" data-overlaycolor=\"#434A54\"  data-image=\"1\" data-titlesize=\"\" data-contentsize=\"\" data-contentcolor=\"\" data-overlaystyle=\"darkgray\" data-elementmargin=\"\"><div class=\"cq-imageoverlay2\"><img decoding=\"async\" src=\"https:\/\/www.playjump-toulouse.com\/wp-content\/uploads\/2019\/05\/mini-kart.jpg\" class=\"cq-imageoverlay2-img\" \/><div class=\"text-container\"><h3 class=\"cq-imageoverlay2-title\">Mini kart<\/h3><\/div><div class=\"cq-imageoverlay2-background\"><\/div><\/div><\/div>[\/vc_column_inner][\/vc_row_inner][\/vc_column][\/vc_row]<\/div>[\/vc_column][\/vc_row][vc_row full_width=&#8221;stretch_row_content_no_spaces&#8221; css=&#8221;.vc_custom_1559061370528{background-color: #ee0659 !important;}&#8221;][vc_column width=&#8221;1\/6&#8243;][\/vc_column][vc_column width=&#8221;1\/6&#8243;][vc_empty_space alter_height=&#8221;large&#8221; hide_on_mobile=&#8221;&#8221;][vc_single_image image=&#8221;1099&#8243; img_size=&#8221;full&#8221; alignment=&#8221;center&#8221;][vc_empty_space hide_on_mobile=&#8221;&#8221;]<div id=\"sc_title_1540047135\"\n\t\tclass=\"sc_title color_style_dark sc_title_default\"><h6 class=\"sc_item_title sc_title_title sc_align_center sc_item_title_style_default sc_item_title_tag\">De 1 \u00e0 77 ans<\/h6><\/div><!-- \/.sc_title -->[vc_empty_space alter_height=&#8221;large&#8221; hide_on_mobile=&#8221;&#8221;][\/vc_column][vc_column width=&#8221;1\/6&#8243;][vc_empty_space alter_height=&#8221;large&#8221; hide_on_mobile=&#8221;&#8221;][vc_single_image image=&#8221;1100&#8243; img_size=&#8221;full&#8221; alignment=&#8221;center&#8221;][vc_empty_space hide_on_mobile=&#8221;&#8221;]<div id=\"sc_title_937830359\"\n\t\tclass=\"sc_title color_style_dark sc_title_default\"><h6 class=\"sc_item_title sc_title_title sc_align_center sc_item_title_style_default sc_item_title_tag\">OUVERT 5JOURS\/7<\/h6><\/div><!-- \/.sc_title -->[vc_empty_space alter_height=&#8221;large&#8221; hide_on_mobile=&#8221;&#8221;][\/vc_column][vc_column width=&#8221;1\/6&#8243;][vc_empty_space alter_height=&#8221;large&#8221; hide_on_mobile=&#8221;&#8221;][vc_single_image image=&#8221;1101&#8243; img_size=&#8221;full&#8221; alignment=&#8221;center&#8221;][vc_empty_space hide_on_mobile=&#8221;&#8221;]<div id=\"sc_title_15789763\"\n\t\tclass=\"sc_title color_style_dark sc_title_default\"><h6 class=\"sc_item_title sc_title_title sc_align_center sc_item_title_style_default sc_item_title_tag\">TOUS LES NIVEAUX<\/h6><\/div><!-- \/.sc_title -->[vc_empty_space alter_height=&#8221;large&#8221; hide_on_mobile=&#8221;&#8221;][\/vc_column][vc_column width=&#8221;1\/6&#8243;][vc_empty_space alter_height=&#8221;large&#8221; hide_on_mobile=&#8221;&#8221;][vc_single_image image=&#8221;1102&#8243; img_size=&#8221;full&#8221; alignment=&#8221;center&#8221;][vc_empty_space hide_on_mobile=&#8221;&#8221;]<div id=\"sc_title_2039419126\"\n\t\tclass=\"sc_title color_style_dark sc_title_default\"><h6 class=\"sc_item_title sc_title_title sc_align_center sc_item_title_style_default sc_item_title_tag\">VESTIAIRE<\/h6><\/div><!-- \/.sc_title -->[vc_empty_space alter_height=&#8221;large&#8221; hide_on_mobile=&#8221;&#8221;][\/vc_column][vc_column width=&#8221;1\/6&#8243;][\/vc_column][\/vc_row][vc_row full_width=&#8221;stretch_row_content_no_spaces&#8221; css=&#8221;.vc_custom_1566835019657{background-image: url(http:\/\/www.playjump-toulouse.com\/wp-content\/uploads\/2019\/08\/bandeau-saut-white.jpg?id=1203) !important;background-position: center !important;background-repeat: no-repeat !important;background-size: cover !important;}&#8221;][vc_column][vc_empty_space alter_height=&#8221;medium&#8221; hide_on_mobile=&#8221;&#8221;]<div id=\"sc_title_355445081\"\n\t\tclass=\"sc_title color_style_default sc_title_default\"><h4 class=\"sc_item_title sc_title_title sc_align_center sc_item_title_style_default sc_item_title_tag\">Viens faire un saut<\/h4><div class=\"sc_item_descr sc_title_descr sc_align_center\"><p>M\u00e9gas jumps et fous rires garantis\u2026<\/p>\n<\/div><div class=\"sc_item_button sc_button_wrap sc_align_center\"><a href=\"\/index.php\/reservation\/\" id=\"sc_button_452358672\" class=\"sc_button color_style_default sc_button_default sc_item_button sc_item_button_default sc_title_button sc_button_size_normal sc_button_icon_left\"><span class=\"sc_button_text\"><span class=\"sc_button_title\">R\u00c9SERVATION<\/span><\/span><!-- \/.sc_button_text --><\/a><!-- \/.sc_button --><\/div><!-- \/.sc_item_button --><\/div><!-- \/.sc_title -->[vc_empty_space alter_height=&#8221;medium&#8221; hide_on_mobile=&#8221;&#8221;][\/vc_column][\/vc_row][vc_row full_width=&#8221;stretch_row_content&#8221; css=&#8221;.vc_custom_1559060671058{background-color: #4e2c5f !important;}&#8221;][vc_column][vc_empty_space alter_height=&#8221;small&#8221; hide_on_mobile=&#8221;&#8221;]<div id=\"sc_title_756108379\"\n\t\tclass=\"sc_title color_style_default scheme_dark sc_title_default\"><h6 class=\"sc_item_title sc_title_title sc_align_center sc_item_title_style_default sc_item_title_tag\">COMMENT SE RENDRE \u00c0 PLAYJUMP TOULOUSE<\/h6><\/div><!-- \/.sc_title -->[vc_empty_space alter_height=&#8221;small&#8221; hide_on_mobile=&#8221;&#8221;][\/vc_column][\/vc_row][vc_row full_width=&#8221;stretch_row_content_no_spaces&#8221;][vc_column][vc_gmaps link=&#8221;#E-8_JTNDaWZyYW1lJTIwc3JjJTNEJTIyaHR0cHMlM0ElMkYlMkZ3d3cuZ29vZ2xlLmNvbSUyRm1hcHMlMkZlbWJlZCUzRnBiJTNEJTIxMW0xNCUyMTFtOCUyMTFtMyUyMTFkMTE1NTAuOTUwNDM3NTEzNzA2JTIxMmQxLjQ4MzYyODclMjEzZDQzLjYzMjgxOTklMjEzbTIlMjExaTEwMjQlMjEyaTc2OCUyMTRmMTMuMSUyMTNtMyUyMTFtMiUyMTFzMHgwJTI1M0EweDcwNmFjODAwMTVlZWFiNzYlMjEyc1BsYXlKdW1wJTI1MjBUb3Vsb3VzZSUyMTVlMCUyMTNtMiUyMTFzZnIlMjEyc2ZyJTIxNHYxNTY3NTI3NDMxNjYzJTIxNW0yJTIxMXNmciUyMTJzZnIlMjIlMjB3aWR0aCUzRCUyMjYwMCUyMiUyMGhlaWdodCUzRCUyMjQ1MCUyMiUyMGZyYW1lYm9yZGVyJTNEJTIyMCUyMiUyMHN0eWxlJTNEJTIyYm9yZGVyJTNBMCUzQiUyMiUyMGFsbG93ZnVsbHNjcmVlbiUzRCUyMiUyMiUzRSUzQyUyRmlmcmFtZSUzRQ==&#8221;][\/vc_column][\/vc_row]<\/p>\n","protected":false},"excerpt":{"rendered":"<p>[vc_row full_width=&#8221;stretch_row_content_no_spaces&#8221;][vc_column][rev_slider_vc alias=&#8221;slider3&#8243;][\/vc_column][\/vc_row][vc_row full_width=&#8221;stretch_row&#8221; css=&#8221;.vc_custom_1558631238352{background-position: center !important;background-repeat: no-repeat !important;background-size: cover !important;}&#8221;][vc_column][vc_column_text][\/vc_column_text][\/vc_column][\/vc_row][vc_row][vc_column][\/vc_column][\/vc_row][vc_row full_width=&#8221;stretch_row_content_no_spaces&#8221; css=&#8221;.vc_custom_1559061370528{background-color: #ee0659 !important;}&#8221;][vc_column width=&#8221;1\/6&#8243;][\/vc_column][vc_column width=&#8221;1\/6&#8243;][vc_empty_space alter_height=&#8221;large&#8221; hide_on_mobile=&#8221;&#8221;][vc_single_image image=&#8221;1099&#8243; img_size=&#8221;full&#8221; alignment=&#8221;center&#8221;][vc_empty_space hide_on_mobile=&#8221;&#8221;][vc_empty_space alter_height=&#8221;large&#8221; hide_on_mobile=&#8221;&#8221;][\/vc_column][vc_column width=&#8221;1\/6&#8243;][vc_empty_space alter_height=&#8221;large&#8221; hide_on_mobile=&#8221;&#8221;][vc_single_image image=&#8221;1100&#8243; img_size=&#8221;full&#8221; alignment=&#8221;center&#8221;][vc_empty_space hide_on_mobile=&#8221;&#8221;][vc_empty_space alter_height=&#8221;large&#8221; hide_on_mobile=&#8221;&#8221;][\/vc_column][vc_column width=&#8221;1\/6&#8243;][vc_empty_space alter_height=&#8221;large&#8221; hide_on_mobile=&#8221;&#8221;][vc_single_image image=&#8221;1101&#8243; img_size=&#8221;full&#8221; alignment=&#8221;center&#8221;][vc_empty_space hide_on_mobile=&#8221;&#8221;][vc_empty_space alter_height=&#8221;large&#8221; hide_on_mobile=&#8221;&#8221;][\/vc_column][vc_column width=&#8221;1\/6&#8243;][vc_empty_space alter_height=&#8221;large&#8221; hide_on_mobile=&#8221;&#8221;][vc_single_image image=&#8221;1102&#8243; img_size=&#8221;full&#8221; alignment=&#8221;center&#8221;][vc_empty_space hide_on_mobile=&#8221;&#8221;][vc_empty_space alter_height=&#8221;large&#8221; hide_on_mobile=&#8221;&#8221;][\/vc_column][vc_column width=&#8221;1\/6&#8243;][\/vc_column][\/vc_row][vc_row full_width=&#8221;stretch_row_content_no_spaces&#8221; css=&#8221;.vc_custom_1566835019657{background-image: url(http:\/\/www.playjump-toulouse.com\/wp-content\/uploads\/2019\/08\/bandeau-saut-white.jpg?id=1203) !important;background-position: center !important;background-repeat: no-repeat !important;background-size: cover !important;}&#8221;][vc_column][vc_empty_space alter_height=&#8221;medium&#8221; hide_on_mobile=&#8221;&#8221;][vc_empty_space alter_height=&#8221;medium&#8221; hide_on_mobile=&#8221;&#8221;][\/vc_column][\/vc_row][vc_row full_width=&#8221;stretch_row_content&#8221; css=&#8221;.vc_custom_1559060671058{background-color: #4e2c5f&hellip;<\/p>\n","protected":false},"author":1,"featured_media":0,"parent":0,"menu_order":0,"comment_status":"closed","ping_status":"closed","template":"","meta":{"footnotes":""},"class_list":["post-110","page","type-page","status-publish","hentry"],"yoast_head":"<!-- This site is optimized with the Yoast SEO plugin v24.0 - https:\/\/yoast.com\/wordpress\/plugins\/seo\/ -->\n<title>ACCUEIL - Playjump Toulouse - Parc de loisirs multi-activit\u00e9s indoor<\/title>\n<meta name=\"description\" content=\"Parc de loisirs pour tous \u00e0 Balma-Gramont : Parcour Ninja Warrior, Trampoline Park, Mur d&#039;escalade, Plaine de jeux... pour enfant, ados, adulte\" \/>\n<meta name=\"robots\" content=\"index, follow, max-snippet:-1, max-image-preview:large, max-video-preview:-1\" \/>\n<link rel=\"canonical\" href=\"https:\/\/www.playjump-toulouse.com\/\" \/>\n<meta property=\"og:locale\" content=\"fr_FR\" \/>\n<meta property=\"og:type\" content=\"article\" \/>\n<meta property=\"og:title\" content=\"ACCUEIL - Playjump Toulouse - Parc de loisirs multi-activit\u00e9s indoor\" \/>\n<meta property=\"og:description\" content=\"Parc de loisirs pour tous \u00e0 Balma-Gramont : Parcour Ninja Warrior, Trampoline Park, Mur d&#039;escalade, Plaine de jeux... pour enfant, ados, adulte\" \/>\n<meta property=\"og:url\" content=\"https:\/\/www.playjump-toulouse.com\/\" \/>\n<meta property=\"og:site_name\" content=\"Playjump Toulouse\" \/>\n<meta property=\"article:modified_time\" content=\"2025-07-02T13:05:39+00:00\" \/>\n<meta name=\"twitter:card\" content=\"summary_large_image\" \/>\n<meta name=\"twitter:label1\" content=\"Dur\u00e9e de lecture estim\u00e9e\" \/>\n\t<meta name=\"twitter:data1\" content=\"1 minute\" \/>\n<script type=\"application\/ld+json\" class=\"yoast-schema-graph\">{\"@context\":\"https:\/\/schema.org\",\"@graph\":[{\"@type\":\"WebPage\",\"@id\":\"https:\/\/www.playjump-toulouse.com\/\",\"url\":\"https:\/\/www.playjump-toulouse.com\/\",\"name\":\"ACCUEIL - Playjump Toulouse - Parc de loisirs multi-activit\u00e9s indoor\",\"isPartOf\":{\"@id\":\"https:\/\/www.playjump-toulouse.com\/#website\"},\"datePublished\":\"2017-06-27T10:52:39+00:00\",\"dateModified\":\"2025-07-02T13:05:39+00:00\",\"description\":\"Parc de loisirs pour tous \u00e0 Balma-Gramont : Parcour Ninja Warrior, Trampoline Park, Mur d'escalade, Plaine de jeux... pour enfant, ados, adulte\",\"breadcrumb\":{\"@id\":\"https:\/\/www.playjump-toulouse.com\/#breadcrumb\"},\"inLanguage\":\"fr-FR\",\"potentialAction\":[{\"@type\":\"ReadAction\",\"target\":[\"https:\/\/www.playjump-toulouse.com\/\"]}]},{\"@type\":\"BreadcrumbList\",\"@id\":\"https:\/\/www.playjump-toulouse.com\/#breadcrumb\",\"itemListElement\":[{\"@type\":\"ListItem\",\"position\":1,\"name\":\"Accueil\",\"item\":\"https:\/\/www.playjump-toulouse.com\/\"},{\"@type\":\"ListItem\",\"position\":2,\"name\":\"ACCUEIL\"}]},{\"@type\":\"WebSite\",\"@id\":\"https:\/\/www.playjump-toulouse.com\/#website\",\"url\":\"https:\/\/www.playjump-toulouse.com\/\",\"name\":\"Playjump Toulouse\",\"description\":\"Parc de jeux pour enfants \u00e0 Toulouse : enfants, ados, adultes\",\"potentialAction\":[{\"@type\":\"SearchAction\",\"target\":{\"@type\":\"EntryPoint\",\"urlTemplate\":\"https:\/\/www.playjump-toulouse.com\/?s={search_term_string}\"},\"query-input\":{\"@type\":\"PropertyValueSpecification\",\"valueRequired\":true,\"valueName\":\"search_term_string\"}}],\"inLanguage\":\"fr-FR\"}]}<\/script>\n<!-- \/ Yoast SEO plugin. -->","yoast_head_json":{"title":"ACCUEIL - Playjump Toulouse - Parc de loisirs multi-activit\u00e9s indoor","description":"Parc de loisirs pour tous \u00e0 Balma-Gramont : Parcour Ninja Warrior, Trampoline Park, Mur d'escalade, Plaine de jeux... pour enfant, ados, adulte","robots":{"index":"index","follow":"follow","max-snippet":"max-snippet:-1","max-image-preview":"max-image-preview:large","max-video-preview":"max-video-preview:-1"},"canonical":"https:\/\/www.playjump-toulouse.com\/","og_locale":"fr_FR","og_type":"article","og_title":"ACCUEIL - Playjump Toulouse - Parc de loisirs multi-activit\u00e9s indoor","og_description":"Parc de loisirs pour tous \u00e0 Balma-Gramont : Parcour Ninja Warrior, Trampoline Park, Mur d'escalade, Plaine de jeux... pour enfant, ados, adulte","og_url":"https:\/\/www.playjump-toulouse.com\/","og_site_name":"Playjump Toulouse","article_modified_time":"2025-07-02T13:05:39+00:00","twitter_card":"summary_large_image","twitter_misc":{"Dur\u00e9e de lecture estim\u00e9e":"1 minute"},"schema":{"@context":"https:\/\/schema.org","@graph":[{"@type":"WebPage","@id":"https:\/\/www.playjump-toulouse.com\/","url":"https:\/\/www.playjump-toulouse.com\/","name":"ACCUEIL - Playjump Toulouse - Parc de loisirs multi-activit\u00e9s indoor","isPartOf":{"@id":"https:\/\/www.playjump-toulouse.com\/#website"},"datePublished":"2017-06-27T10:52:39+00:00","dateModified":"2025-07-02T13:05:39+00:00","description":"Parc de loisirs pour tous \u00e0 Balma-Gramont : Parcour Ninja Warrior, Trampoline Park, Mur d'escalade, Plaine de jeux... pour enfant, ados, adulte","breadcrumb":{"@id":"https:\/\/www.playjump-toulouse.com\/#breadcrumb"},"inLanguage":"fr-FR","potentialAction":[{"@type":"ReadAction","target":["https:\/\/www.playjump-toulouse.com\/"]}]},{"@type":"BreadcrumbList","@id":"https:\/\/www.playjump-toulouse.com\/#breadcrumb","itemListElement":[{"@type":"ListItem","position":1,"name":"Accueil","item":"https:\/\/www.playjump-toulouse.com\/"},{"@type":"ListItem","position":2,"name":"ACCUEIL"}]},{"@type":"WebSite","@id":"https:\/\/www.playjump-toulouse.com\/#website","url":"https:\/\/www.playjump-toulouse.com\/","name":"Playjump Toulouse","description":"Parc de jeux pour enfants \u00e0 Toulouse : enfants, ados, adultes","potentialAction":[{"@type":"SearchAction","target":{"@type":"EntryPoint","urlTemplate":"https:\/\/www.playjump-toulouse.com\/?s={search_term_string}"},"query-input":{"@type":"PropertyValueSpecification","valueRequired":true,"valueName":"search_term_string"}}],"inLanguage":"fr-FR"}]}},"_links":{"self":[{"href":"https:\/\/www.playjump-toulouse.com\/index.php\/wp-json\/wp\/v2\/pages\/110","targetHints":{"allow":["GET"]}}],"collection":[{"href":"https:\/\/www.playjump-toulouse.com\/index.php\/wp-json\/wp\/v2\/pages"}],"about":[{"href":"https:\/\/www.playjump-toulouse.com\/index.php\/wp-json\/wp\/v2\/types\/page"}],"author":[{"embeddable":true,"href":"https:\/\/www.playjump-toulouse.com\/index.php\/wp-json\/wp\/v2\/users\/1"}],"replies":[{"embeddable":true,"href":"https:\/\/www.playjump-toulouse.com\/index.php\/wp-json\/wp\/v2\/comments?post=110"}],"version-history":[{"count":99,"href":"https:\/\/www.playjump-toulouse.com\/index.php\/wp-json\/wp\/v2\/pages\/110\/revisions"}],"predecessor-version":[{"id":1427,"href":"https:\/\/www.playjump-toulouse.com\/index.php\/wp-json\/wp\/v2\/pages\/110\/revisions\/1427"}],"wp:attachment":[{"href":"https:\/\/www.playjump-toulouse.com\/index.php\/wp-json\/wp\/v2\/media?parent=110"}],"curies":[{"name":"wp","href":"https:\/\/api.w.org\/{rel}","templated":true}]}}