{"id":1017,"date":"2019-05-29T17:07:23","date_gmt":"2019-05-29T15:07:23","guid":{"rendered":"http:\/\/www.playjump-toulouse.com\/?page_id=1017"},"modified":"2025-09-02T11:48:52","modified_gmt":"2025-09-02T09:48:52","slug":"tarifs","status":"publish","type":"page","link":"https:\/\/www.playjump-toulouse.com\/index.php\/tarifs\/","title":{"rendered":"Tarifs"},"content":{"rendered":"<p>[vc_row full_width=&#8221;stretch_row_content&#8221; css=&#8221;.vc_custom_1559135884794{background-color: #f9f9f9 !important;}&#8221;][vc_column][vc_empty_space alter_height=&#8221;medium&#8221; hide_on_mobile=&#8221;&#8221;]<div id=\"sc_title_1686957984\"\n\t\tclass=\"sc_title color_style_default sc_title_default\"><h6 class=\"sc_item_subtitle sc_title_subtitle sc_align_center sc_item_title_style_default\">Les tarifs<\/h6><h2 class=\"sc_item_title sc_title_title sc_align_center sc_item_title_style_default sc_item_title_tag\">D\u00e9fiez la gravit\u00e9<\/h2><\/div><!-- \/.sc_title -->[\/vc_column][\/vc_row][vc_row full_width=&#8221;stretch_row_content&#8221; css=&#8221;.vc_custom_1559287230789{background-color: #f8f8f8 !important;}&#8221;][vc_column][vc_empty_space alter_height=&#8221;medium&#8221; hide_on_mobile=&#8221;&#8221;]<div  id=\"sc_price_819042362\" \n\tclass=\"sc_price color_style_default sc_price_default\"><div class=\"sc_price_columns_wrap sc_item_columns trx_addons_columns_wrap columns_padding_bottom\"><div class=\"trx_addons_column-1_3\"><div class=\"sc_price_item sc_price_item_default\">\n\t\t\t<div class=\"sc_price_item_info\"><div class=\"price-header\"><div class=\"sc_price_item_price\"><span class=\"sc_price_item_price_value\">Plaine de jeux<\/span><\/div><\/div><div class=\"sc_price_item_details\"><ul class=\"trx_addons_list trx_addons_list_square\">\n \t<li>-3ans : 5 \u20ac (dur\u00e9e : 1h)<\/li>\n \t<li>+3ans : 8 \u20ac (dur\u00e9e : 1h)<\/li>\n \t<li>-3ans : 8 \u20ac (dur\u00e9e illimit\u00e9e)<\/li>\n \t<li>+3ans : 11 \u20ac(dur\u00e9e illimit\u00e9e)<\/li>\n<\/ul><\/div><a href=\"\/index.php\/contact\/\" class=\"sc_price_item_link sc_button\">Nous contacter<\/a><\/div><!-- \/.sc_price_item_info --><\/div><\/div><div class=\"trx_addons_column-1_3\"><div class=\"sc_price_item sc_price_item_default with_image with_bg_color\" style=\"background-color:#ee0659;\">\n\t\t\t\t\t\t\t<div class=\"sc_price_item_mask\"><\/div>\n\t\t\t\t<div class=\"sc_price_item_inner\">\n\t\t\t\t<div class=\"sc_price_item_info\"><div class=\"price-header\"><div class=\"sc_price_item_price\"><span class=\"sc_price_item_price_value\">Trampoline Park<\/span><\/div><\/div><div class=\"sc_price_item_details\"><ul class=\"trx_addons_list trx_addons_list_square\">\n \t<li><strong>Tarif normal : 11,50 \u20ac\/Heure<\/strong><\/li>\n \t<li>Tarif 5-6ans : 8,50 \u20ac\/Heure<\/li> \t\n \t<li>Dur\u00e9e : 1h<\/li>\n \t<li>Chaussettes antid\u00e9rapantes obligatoires vendues \u00e0 2\u20ac<\/li>\n<\/ul><\/div><a href=\"\/index.php\/contact\/\" class=\"sc_price_item_link sc_button\">Nous contacter<\/a><\/div><!-- \/.sc_price_item_info --><\/div><!-- \/.sc_price_item_inner --><\/div><\/div><div class=\"trx_addons_column-1_3\"><div class=\"sc_price_item sc_price_item_default\">\n\t\t\t<div class=\"sc_price_item_info\"><div class=\"price-header\"><div class=\"sc_price_item_price\"><span class=\"sc_price_item_price_value\">Le pass<\/span><\/div><\/div><div class=\"sc_price_item_details\"><ul class=\"trx_addons_list trx_addons_list_square\">\n \t<li><strong>-de 3 ans : 14 \u20ac<\/strong><\/li>\n \t<li><strong>De 3 ans \u00e0 4 ans : 17 \u20ac<\/strong><\/li>\n \t<li><strong>De 5 ans et + : 18 \u20ac<\/strong><\/li>\n \t<li>Acc\u00e8s illimit\u00e9 sur tout le parc<\/li>\n<\/ul><\/div><a href=\"\/index.php\/contact\/\" class=\"sc_price_item_link sc_button\">Nous contacter<\/a><\/div><!-- \/.sc_price_item_info --><\/div><\/div><\/div><\/div><!-- \/.sc_price -->[vc_empty_space hide_on_mobile=&#8221;&#8221;]<div  id=\"sc_price_293652462\" \n\tclass=\"sc_price color_style_default sc_price_default\"><div class=\"sc_price_columns_wrap sc_item_columns trx_addons_columns_wrap columns_padding_bottom\"><div class=\"trx_addons_column-1_3\"><div class=\"sc_price_item sc_price_item_default\">\n\t\t\t<div class=\"sc_price_item_info\"><div class=\"price-header\"><div class=\"sc_price_item_price\"><span class=\"sc_price_item_price_value\">BABY JUMP<\/span><\/div><\/div><div class=\"sc_price_item_details\"><ul class=\"trx_addons_list trx_addons_list_square\">\n \t<li><strong>Tarif : 6 \u20ac<\/strong><\/li>\n \t<li>De 2 \u00e0 4 ans<\/li>\n \t<li>1 parent accompagnant offert<\/li>\n \t<li>Dur\u00e9e 1h<\/li>\n<\/ul><\/div><a href=\"\/index.php\/contact\/\" class=\"sc_price_item_link sc_button\">Nous contacter<\/a><\/div><!-- \/.sc_price_item_info --><\/div><\/div><div class=\"trx_addons_column-1_3\"><div class=\"sc_price_item sc_price_item_default with_image with_bg_color\" style=\"background-color:#ee0659;\">\n\t\t\t\t\t\t\t<div class=\"sc_price_item_mask\"><\/div>\n\t\t\t\t<div class=\"sc_price_item_inner\">\n\t\t\t\t<div class=\"sc_price_item_info\"><div class=\"price-header\"><div class=\"sc_price_item_price\"><span class=\"sc_price_item_price_value\">\u00c9tudiants<\/span><\/div><\/div><div class=\"sc_price_item_details\"><ul class=\"trx_addons_list trx_addons_list_square\">\n \t<li><strong>Tarif r\u00e9duit : 9 \u20ac<\/strong><\/li>\n \t<li>Dur\u00e9e 1h30<\/li>\n \t<li>Post Bac<\/li>\n \t<li>Hors week-end, jours f\u00e9ri\u00e9s et vacances scolaires<\/li>\n \t<li>Sur pr\u00e9sentation d'un justificatif<\/li>\n<\/ul><\/div><a href=\"\/index.php\/contact\/\" class=\"sc_price_item_link sc_button\">Nous contacter<\/a><\/div><!-- \/.sc_price_item_info --><\/div><!-- \/.sc_price_item_inner --><\/div><\/div><div class=\"trx_addons_column-1_3\"><div class=\"sc_price_item sc_price_item_default\">\n\t\t\t<div class=\"sc_price_item_info\"><div class=\"price-header\"><div class=\"sc_price_item_price\"><span class=\"sc_price_item_price_value\">Anniversaire<\/span><\/div><\/div><div class=\"sc_price_item_details\"><ul class=\"trx_addons_list trx_addons_list_square\">\n \t<li><strong>\u00c0 partir de 13 \u20ac<\/strong><\/li>\n \t<li>\u00c0 partir de 2ans<\/li>\n \t<li>Animation, mini-boum<\/li>\n \t<li>G\u00e2teau, bonbons, boissons<\/li>\n<\/ul>\n<\/div><a href=\"http:\/\/www.playjump-toulouse.com\/index.php\/anniversaire\/\" class=\"sc_price_item_link sc_button\">En savoir plus<\/a><\/div><!-- \/.sc_price_item_info --><\/div><\/div><\/div><\/div><!-- \/.sc_price -->[vc_empty_space hide_on_mobile=&#8221;&#8221;][vc_column_text]<\/p>\n<div class=\"vc_row wpb_row vc_row-fluid vc_custom_1507041562184\">\n<div class=\"wpb_column vc_column_container vc_col-sm-12\">\n<div class=\"vc_column-inner \">\n<div class=\"wpb_wrapper\">\n<div class=\"wpb_text_column wpb_content_element \">\n<div class=\"wpb_wrapper\">\n<h6 style=\"text-align: center;\"><img loading=\"lazy\" decoding=\"async\" class=\"alignnone size-full wp-image-1106\" src=\"http:\/\/www.playjump-toulouse.com\/wp-content\/uploads\/2019\/05\/chausettes.png\" alt=\"\" width=\"64\" height=\"64\" \/><\/h6>\n<\/div>\n<\/div>\n<\/div>\n<\/div>\n<\/div>\n<\/div>\n<p>[\/vc_column_text][vc_column_text]<\/p>\n<div class=\"vc_row wpb_row vc_row-fluid vc_custom_1507041562184\">\n<div class=\"wpb_column vc_column_container vc_col-sm-12\">\n<div class=\"vc_column-inner \">\n<div class=\"wpb_wrapper\">\n<div class=\"wpb_text_column wpb_content_element \">\n<div class=\"wpb_wrapper\">\n<h6 style=\"text-align: center;\">Le port de chaussettes antid\u00e9rapantes est obligatoire pour la pratique du trampoline.<br \/>\nTu peux acheter sur place les chaussettes PLAYJUMP \u00e0 2\u20ac la paire<\/h6>\n<\/div>\n<\/div>\n<\/div>\n<\/div>\n<\/div>\n<\/div>\n<p>[\/vc_column_text][vc_empty_space alter_height=&#8221;medium&#8221; hide_on_mobile=&#8221;&#8221;][\/vc_column][\/vc_row][vc_row full_width=&#8221;stretch_row_content&#8221; css=&#8221;.vc_custom_1567442754642{background-color: #ee0659 !important;}&#8221;][vc_column][vc_empty_space alter_height=&#8221;small&#8221; hide_on_mobile=&#8221;&#8221;]<div id=\"sc_title_891770556\"\n\t\tclass=\"sc_title color_style_default scheme_dark sc_title_default\"><h6 class=\"sc_item_title sc_title_title sc_align_center sc_item_title_style_default sc_item_title_tag\">R\u00c9SERVE D\u00c8S \u00c0 PR\u00c9SENT TON ANNIVERSAIRE !<\/h6><div class=\"sc_item_descr sc_title_descr sc_align_center\"><p>POUR TOUTE INFORMATION, CONTACTE NOUS AU 05 62 21 25 53 !<\/p>\n<\/div><\/div><!-- \/.sc_title -->[vc_empty_space hide_on_mobile=&#8221;&#8221;][vc_btn title=&#8221;R\u00e9servation en ligne&#8221; align=&#8221;center&#8221; link=&#8221;url:http%3A%2F%2Fwww.playjump-toulouse.com%2Findex.php%2Freservation%2F|title:R%C3%A9servation||&#8221;][vc_empty_space hide_on_mobile=&#8221;&#8221;][\/vc_column][\/vc_row]<\/p>\n","protected":false},"excerpt":{"rendered":"<p>[vc_row full_width=&#8221;stretch_row_content&#8221; css=&#8221;.vc_custom_1559135884794{background-color: #f9f9f9 !important;}&#8221;][vc_column][vc_empty_space alter_height=&#8221;medium&#8221; hide_on_mobile=&#8221;&#8221;][\/vc_column][\/vc_row][vc_row full_width=&#8221;stretch_row_content&#8221; css=&#8221;.vc_custom_1559287230789{background-color: #f8f8f8 !important;}&#8221;][vc_column][vc_empty_space alter_height=&#8221;medium&#8221; hide_on_mobile=&#8221;&#8221;][vc_empty_space hide_on_mobile=&#8221;&#8221;][vc_empty_space hide_on_mobile=&#8221;&#8221;][vc_column_text] [\/vc_column_text][vc_column_text] Le port de chaussettes antid\u00e9rapantes est obligatoire pour la pratique du trampoline. Tu peux acheter sur place les chaussettes PLAYJUMP \u00e0 2\u20ac la paire [\/vc_column_text][vc_empty_space alter_height=&#8221;medium&#8221; hide_on_mobile=&#8221;&#8221;][\/vc_column][\/vc_row][vc_row full_width=&#8221;stretch_row_content&#8221; css=&#8221;.vc_custom_1567442754642{background-color: #ee0659 !important;}&#8221;][vc_column][vc_empty_space alter_height=&#8221;small&#8221; hide_on_mobile=&#8221;&#8221;][vc_empty_space hide_on_mobile=&#8221;&#8221;][vc_btn title=&#8221;R\u00e9servation en ligne&#8221; align=&#8221;center&#8221; link=&#8221;url:http%3A%2F%2Fwww.playjump-toulouse.com%2Findex.php%2Freservation%2F|title:R%C3%A9servation||&#8221;][vc_empty_space hide_on_mobile=&#8221;&#8221;][\/vc_column][\/vc_row]<\/p>\n","protected":false},"author":1,"featured_media":0,"parent":0,"menu_order":0,"comment_status":"closed","ping_status":"closed","template":"","meta":{"footnotes":""},"class_list":["post-1017","page","type-page","status-publish","hentry"],"yoast_head":"<!-- This site is optimized with the Yoast SEO plugin v24.0 - https:\/\/yoast.com\/wordpress\/plugins\/seo\/ -->\n<title>Tarifs - Playjump Toulouse - Parc de loisirs indoor \u00e0 Balma-Gramont<\/title>\n<meta name=\"description\" content=\"D\u00e9couvrez les tarifs de nos diff\u00e9rentes activit\u00e9s : jump &amp; ninja, plaine de jeux, le pass, baby jump, \u00e9tudiant, anniversaire\" \/>\n<meta name=\"robots\" content=\"index, follow, max-snippet:-1, max-image-preview:large, max-video-preview:-1\" \/>\n<link rel=\"canonical\" href=\"https:\/\/www.playjump-toulouse.com\/index.php\/tarifs\/\" \/>\n<meta property=\"og:locale\" content=\"fr_FR\" \/>\n<meta property=\"og:type\" content=\"article\" \/>\n<meta property=\"og:title\" content=\"Tarifs - Playjump Toulouse - Parc de loisirs indoor \u00e0 Balma-Gramont\" \/>\n<meta property=\"og:description\" content=\"D\u00e9couvrez les tarifs de nos diff\u00e9rentes activit\u00e9s : jump &amp; ninja, plaine de jeux, le pass, baby jump, \u00e9tudiant, anniversaire\" \/>\n<meta property=\"og:url\" content=\"https:\/\/www.playjump-toulouse.com\/index.php\/tarifs\/\" \/>\n<meta property=\"og:site_name\" content=\"Playjump Toulouse\" \/>\n<meta property=\"article:modified_time\" content=\"2025-09-02T09:48:52+00:00\" \/>\n<meta property=\"og:image\" content=\"https:\/\/www.playjump-toulouse.com\/wp-content\/uploads\/2019\/05\/chausettes.png\" \/>\n\t<meta property=\"og:image:width\" content=\"64\" \/>\n\t<meta property=\"og:image:height\" content=\"64\" \/>\n\t<meta property=\"og:image:type\" content=\"image\/png\" \/>\n<meta name=\"twitter:card\" content=\"summary_large_image\" \/>\n<meta name=\"twitter:label1\" content=\"Dur\u00e9e de lecture estim\u00e9e\" \/>\n\t<meta name=\"twitter:data1\" content=\"1 minute\" \/>\n<script type=\"application\/ld+json\" class=\"yoast-schema-graph\">{\"@context\":\"https:\/\/schema.org\",\"@graph\":[{\"@type\":\"WebPage\",\"@id\":\"https:\/\/www.playjump-toulouse.com\/index.php\/tarifs\/\",\"url\":\"https:\/\/www.playjump-toulouse.com\/index.php\/tarifs\/\",\"name\":\"Tarifs - Playjump Toulouse - Parc de loisirs indoor \u00e0 Balma-Gramont\",\"isPartOf\":{\"@id\":\"https:\/\/www.playjump-toulouse.com\/#website\"},\"primaryImageOfPage\":{\"@id\":\"https:\/\/www.playjump-toulouse.com\/index.php\/tarifs\/#primaryimage\"},\"image\":{\"@id\":\"https:\/\/www.playjump-toulouse.com\/index.php\/tarifs\/#primaryimage\"},\"thumbnailUrl\":\"http:\/\/www.playjump-toulouse.com\/wp-content\/uploads\/2019\/05\/chausettes.png\",\"datePublished\":\"2019-05-29T15:07:23+00:00\",\"dateModified\":\"2025-09-02T09:48:52+00:00\",\"description\":\"D\u00e9couvrez les tarifs de nos diff\u00e9rentes activit\u00e9s : jump & ninja, plaine de jeux, le pass, baby jump, \u00e9tudiant, anniversaire\",\"breadcrumb\":{\"@id\":\"https:\/\/www.playjump-toulouse.com\/index.php\/tarifs\/#breadcrumb\"},\"inLanguage\":\"fr-FR\",\"potentialAction\":[{\"@type\":\"ReadAction\",\"target\":[\"https:\/\/www.playjump-toulouse.com\/index.php\/tarifs\/\"]}]},{\"@type\":\"ImageObject\",\"inLanguage\":\"fr-FR\",\"@id\":\"https:\/\/www.playjump-toulouse.com\/index.php\/tarifs\/#primaryimage\",\"url\":\"https:\/\/www.playjump-toulouse.com\/wp-content\/uploads\/2019\/05\/chausettes.png\",\"contentUrl\":\"https:\/\/www.playjump-toulouse.com\/wp-content\/uploads\/2019\/05\/chausettes.png\",\"width\":64,\"height\":64},{\"@type\":\"BreadcrumbList\",\"@id\":\"https:\/\/www.playjump-toulouse.com\/index.php\/tarifs\/#breadcrumb\",\"itemListElement\":[{\"@type\":\"ListItem\",\"position\":1,\"name\":\"Accueil\",\"item\":\"https:\/\/www.playjump-toulouse.com\/\"},{\"@type\":\"ListItem\",\"position\":2,\"name\":\"Tarifs\"}]},{\"@type\":\"WebSite\",\"@id\":\"https:\/\/www.playjump-toulouse.com\/#website\",\"url\":\"https:\/\/www.playjump-toulouse.com\/\",\"name\":\"Playjump Toulouse\",\"description\":\"Parc de jeux pour enfants \u00e0 Toulouse : enfants, ados, adultes\",\"potentialAction\":[{\"@type\":\"SearchAction\",\"target\":{\"@type\":\"EntryPoint\",\"urlTemplate\":\"https:\/\/www.playjump-toulouse.com\/?s={search_term_string}\"},\"query-input\":{\"@type\":\"PropertyValueSpecification\",\"valueRequired\":true,\"valueName\":\"search_term_string\"}}],\"inLanguage\":\"fr-FR\"}]}<\/script>\n<!-- \/ Yoast SEO plugin. -->","yoast_head_json":{"title":"Tarifs - Playjump Toulouse - Parc de loisirs indoor \u00e0 Balma-Gramont","description":"D\u00e9couvrez les tarifs de nos diff\u00e9rentes activit\u00e9s : jump & ninja, plaine de jeux, le pass, baby jump, \u00e9tudiant, anniversaire","robots":{"index":"index","follow":"follow","max-snippet":"max-snippet:-1","max-image-preview":"max-image-preview:large","max-video-preview":"max-video-preview:-1"},"canonical":"https:\/\/www.playjump-toulouse.com\/index.php\/tarifs\/","og_locale":"fr_FR","og_type":"article","og_title":"Tarifs - Playjump Toulouse - Parc de loisirs indoor \u00e0 Balma-Gramont","og_description":"D\u00e9couvrez les tarifs de nos diff\u00e9rentes activit\u00e9s : jump & ninja, plaine de jeux, le pass, baby jump, \u00e9tudiant, anniversaire","og_url":"https:\/\/www.playjump-toulouse.com\/index.php\/tarifs\/","og_site_name":"Playjump Toulouse","article_modified_time":"2025-09-02T09:48:52+00:00","og_image":[{"width":64,"height":64,"url":"https:\/\/www.playjump-toulouse.com\/wp-content\/uploads\/2019\/05\/chausettes.png","type":"image\/png"}],"twitter_card":"summary_large_image","twitter_misc":{"Dur\u00e9e de lecture estim\u00e9e":"1 minute"},"schema":{"@context":"https:\/\/schema.org","@graph":[{"@type":"WebPage","@id":"https:\/\/www.playjump-toulouse.com\/index.php\/tarifs\/","url":"https:\/\/www.playjump-toulouse.com\/index.php\/tarifs\/","name":"Tarifs - Playjump Toulouse - Parc de loisirs indoor \u00e0 Balma-Gramont","isPartOf":{"@id":"https:\/\/www.playjump-toulouse.com\/#website"},"primaryImageOfPage":{"@id":"https:\/\/www.playjump-toulouse.com\/index.php\/tarifs\/#primaryimage"},"image":{"@id":"https:\/\/www.playjump-toulouse.com\/index.php\/tarifs\/#primaryimage"},"thumbnailUrl":"http:\/\/www.playjump-toulouse.com\/wp-content\/uploads\/2019\/05\/chausettes.png","datePublished":"2019-05-29T15:07:23+00:00","dateModified":"2025-09-02T09:48:52+00:00","description":"D\u00e9couvrez les tarifs de nos diff\u00e9rentes activit\u00e9s : jump & ninja, plaine de jeux, le pass, baby jump, \u00e9tudiant, anniversaire","breadcrumb":{"@id":"https:\/\/www.playjump-toulouse.com\/index.php\/tarifs\/#breadcrumb"},"inLanguage":"fr-FR","potentialAction":[{"@type":"ReadAction","target":["https:\/\/www.playjump-toulouse.com\/index.php\/tarifs\/"]}]},{"@type":"ImageObject","inLanguage":"fr-FR","@id":"https:\/\/www.playjump-toulouse.com\/index.php\/tarifs\/#primaryimage","url":"https:\/\/www.playjump-toulouse.com\/wp-content\/uploads\/2019\/05\/chausettes.png","contentUrl":"https:\/\/www.playjump-toulouse.com\/wp-content\/uploads\/2019\/05\/chausettes.png","width":64,"height":64},{"@type":"BreadcrumbList","@id":"https:\/\/www.playjump-toulouse.com\/index.php\/tarifs\/#breadcrumb","itemListElement":[{"@type":"ListItem","position":1,"name":"Accueil","item":"https:\/\/www.playjump-toulouse.com\/"},{"@type":"ListItem","position":2,"name":"Tarifs"}]},{"@type":"WebSite","@id":"https:\/\/www.playjump-toulouse.com\/#website","url":"https:\/\/www.playjump-toulouse.com\/","name":"Playjump Toulouse","description":"Parc de jeux pour enfants \u00e0 Toulouse : enfants, ados, adultes","potentialAction":[{"@type":"SearchAction","target":{"@type":"EntryPoint","urlTemplate":"https:\/\/www.playjump-toulouse.com\/?s={search_term_string}"},"query-input":{"@type":"PropertyValueSpecification","valueRequired":true,"valueName":"search_term_string"}}],"inLanguage":"fr-FR"}]}},"_links":{"self":[{"href":"https:\/\/www.playjump-toulouse.com\/index.php\/wp-json\/wp\/v2\/pages\/1017","targetHints":{"allow":["GET"]}}],"collection":[{"href":"https:\/\/www.playjump-toulouse.com\/index.php\/wp-json\/wp\/v2\/pages"}],"about":[{"href":"https:\/\/www.playjump-toulouse.com\/index.php\/wp-json\/wp\/v2\/types\/page"}],"author":[{"embeddable":true,"href":"https:\/\/www.playjump-toulouse.com\/index.php\/wp-json\/wp\/v2\/users\/1"}],"replies":[{"embeddable":true,"href":"https:\/\/www.playjump-toulouse.com\/index.php\/wp-json\/wp\/v2\/comments?post=1017"}],"version-history":[{"count":64,"href":"https:\/\/www.playjump-toulouse.com\/index.php\/wp-json\/wp\/v2\/pages\/1017\/revisions"}],"predecessor-version":[{"id":1434,"href":"https:\/\/www.playjump-toulouse.com\/index.php\/wp-json\/wp\/v2\/pages\/1017\/revisions\/1434"}],"wp:attachment":[{"href":"https:\/\/www.playjump-toulouse.com\/index.php\/wp-json\/wp\/v2\/media?parent=1017"}],"curies":[{"name":"wp","href":"https:\/\/api.w.org\/{rel}","templated":true}]}}